{"id":8007,"date":"2022-04-30T11:02:24","date_gmt":"2022-04-30T11:02:24","guid":{"rendered":"https:\/\/www.nataliallunar.com\/?post_type=product&#038;p=8007"},"modified":"2022-05-02T15:28:49","modified_gmt":"2022-05-02T15:28:49","slug":"corbata-libertad-coleccion-mafalda","status":"publish","type":"product","link":"https:\/\/www.nataliallunar.com\/?product=corbata-libertad-coleccion-mafalda","title":{"rendered":"Corbata \u00abLIBERTAD\u00bb Colecci\u00f3n Mafalda"},"content":{"rendered":"<p><strong><span style=\"color: #000000;\">Corbata femenina exclusiva y \u00fanica.<\/span><\/strong><\/p>\n<p><strong><span style=\"color: #000000;\">Estampado negra de topitos blancos\u00a0 y vi\u00f1etas de Mafalda blanco y negro, incorporando a la\u00a0 decoraci\u00f3n ecopiel negra modelada a mano.<\/span><\/strong><\/p>\n<p><strong><span style=\"color: #000000;\">Dise\u00f1ada y confeccionada de manera artesanal en nuestro taller de Asturias utilizando materiales sostenibles.<\/span><\/strong><\/p>\n<p><strong><span style=\"color: #000000;\">Composici\u00f3n: algod\u00f3n <em>certificado<\/em>\u00a0Standard 100 de\u00a0<em>OEKO TEX<\/em>\u00ae y ecopiel negra<\/span><\/strong><\/p>\n<p><strong><span style=\"color: #000000;\">Cuidados: limpiar con un trapo h\u00famedo o a mano en agua fr\u00eda, no usar secadora, no planchar.<\/span><\/strong><\/p>\n<p>&nbsp;<\/p>\n<p><span style=\"color: #339966;\">Mediante esta <strong>exclusiva colecci\u00f3n de ocho corbatas<\/strong> \u00fanicas, pretendemos rendirle homenaje tanto a\u00a0 Mafalda como a su creador el humorista gr\u00e1fico Quino.\u00a0 <\/span><\/p>\n<p><span style=\"color: #339966;\">Mafalda, preocupada por la humanidad y la paz mundial, representa la aspiraci\u00f3n idealista y ut\u00f3pica de hacer de este un mundo mejor.<\/span><\/p>\n<p><span style=\"color: #339966;\"><strong>LIBERTAD<\/strong>, amiga de Mafalda, es incendiaria y proyecta abiertamente ideas pol\u00edticas en contra del sistema establecido. Aspira a que el pueblo tome conciencia de la situaci\u00f3n de su pa\u00eds, se levante en una revoluci\u00f3n social y cambie las estructuras de la naci\u00f3n.<\/span><\/p>\n<p><span style=\"color: #339966;\"><em>\u00abComienza tu d\u00eda con una sonrisa, ver\u00e1s lo divertido que es ir por ah\u00ed desentonando con todo el mundo\u00bb<\/em><\/span><\/p>\n","protected":false},"excerpt":{"rendered":"<p><a href=\"https:\/\/www.nataliallunar.com\/wp-content\/uploads\/2022\/04\/2-4-01.jpeg\"><img decoding=\"async\" class=\"aligncenter size-thumbnail wp-image-8008 lazyload\" data-src=\"https:\/\/www.nataliallunar.com\/wp-content\/uploads\/2022\/04\/2-4-01-150x150.jpeg\" alt=\"\" width=\"150\" height=\"150\" data-srcset=\"https:\/\/www.nataliallunar.com\/wp-content\/uploads\/2022\/04\/2-4-01-150x150.jpeg 150w, https:\/\/www.nataliallunar.com\/wp-content\/uploads\/2022\/04\/2-4-01-160x160.jpeg 160w\" data-sizes=\"(max-width: 150px) 100vw, 150px\" src=\"data:image\/gif;base64,R0lGODlhAQABAAAAACH5BAEKAAEALAAAAAABAAEAAAICTAEAOw==\" style=\"--smush-placeholder-width: 150px; --smush-placeholder-aspect-ratio: 150\/150;\" \/><noscript><img decoding=\"async\" class=\"aligncenter size-thumbnail wp-image-8008\" src=\"https:\/\/www.nataliallunar.com\/wp-content\/uploads\/2022\/04\/2-4-01-150x150.jpeg\" alt=\"\" width=\"150\" height=\"150\" srcset=\"https:\/\/www.nataliallunar.com\/wp-content\/uploads\/2022\/04\/2-4-01-150x150.jpeg 150w, https:\/\/www.nataliallunar.com\/wp-content\/uploads\/2022\/04\/2-4-01-160x160.jpeg 160w\" sizes=\"(max-width: 150px) 100vw, 150px\" \/><\/noscript><\/a><\/p>\n","protected":false},"featured_media":8008,"comment_status":"open","ping_status":"closed","template":"","meta":{"_monsterinsights_skip_tracking":false,"_monsterinsights_sitenote_active":false,"_monsterinsights_sitenote_note":"","_monsterinsights_sitenote_category":0,"_themeisle_gutenberg_block_has_review":false,"_ti_tpc_template_sync":false,"_ti_tpc_template_id":""},"product_cat":[46,21],"product_tag":[],"class_list":{"0":"post-8007","1":"product","2":"type-product","3":"status-publish","4":"has-post-thumbnail","6":"product_cat-coleccion-mafalda","7":"product_cat-corbatas","8":"product_shipping_class-envio-a-europa","10":"first","11":"instock","12":"taxable","13":"shipping-taxable","14":"purchasable","15":"product-type-simple"},"yoast_head":"<!-- This site is optimized with the Yoast SEO plugin v22.8 - https:\/\/yoast.com\/wordpress\/plugins\/seo\/ -->\n<title>Corbata &quot;LIBERTAD&quot; Colecci\u00f3n Mafalda - Natalia LLuNar<\/title>\n<meta name=\"robots\" content=\"index, follow, max-snippet:-1, max-image-preview:large, max-video-preview:-1\" \/>\n<link rel=\"canonical\" href=\"https:\/\/www.nataliallunar.com\/?product=corbata-libertad-coleccion-mafalda\" \/>\n<meta property=\"og:locale\" content=\"es_ES\" \/>\n<meta property=\"og:type\" content=\"article\" \/>\n<meta property=\"og:title\" content=\"Corbata &quot;LIBERTAD&quot; Colecci\u00f3n Mafalda - Natalia LLuNar\" \/>\n<meta property=\"og:url\" content=\"https:\/\/www.nataliallunar.com\/?product=corbata-libertad-coleccion-mafalda\" \/>\n<meta property=\"og:site_name\" content=\"Natalia LLuNar\" \/>\n<meta property=\"article:modified_time\" content=\"2022-05-02T15:28:49+00:00\" \/>\n<meta property=\"og:image\" content=\"https:\/\/www.nataliallunar.com\/wp-content\/uploads\/2022\/04\/2-4-01.jpeg\" \/>\n\t<meta property=\"og:image:width\" content=\"960\" \/>\n\t<meta property=\"og:image:height\" content=\"1920\" \/>\n\t<meta property=\"og:image:type\" content=\"image\/jpeg\" \/>\n<meta name=\"twitter:card\" content=\"summary_large_image\" \/>\n<meta name=\"twitter:label1\" content=\"Tiempo de lectura\" \/>\n\t<meta name=\"twitter:data1\" content=\"1 minuto\" \/>\n<script type=\"application\/ld+json\" class=\"yoast-schema-graph\">{\"@context\":\"https:\/\/schema.org\",\"@graph\":[{\"@type\":\"WebPage\",\"@id\":\"https:\/\/www.nataliallunar.com\/?product=corbata-libertad-coleccion-mafalda\",\"url\":\"https:\/\/www.nataliallunar.com\/?product=corbata-libertad-coleccion-mafalda\",\"name\":\"Corbata \\\"LIBERTAD\\\" Colecci\u00f3n Mafalda - Natalia LLuNar\",\"isPartOf\":{\"@id\":\"https:\/\/www.nataliallunar.com\/#website\"},\"primaryImageOfPage\":{\"@id\":\"https:\/\/www.nataliallunar.com\/?product=corbata-libertad-coleccion-mafalda#primaryimage\"},\"image\":{\"@id\":\"https:\/\/www.nataliallunar.com\/?product=corbata-libertad-coleccion-mafalda#primaryimage\"},\"thumbnailUrl\":\"https:\/\/www.nataliallunar.com\/wp-content\/uploads\/2022\/04\/2-4-01.jpeg\",\"datePublished\":\"2022-04-30T11:02:24+00:00\",\"dateModified\":\"2022-05-02T15:28:49+00:00\",\"breadcrumb\":{\"@id\":\"https:\/\/www.nataliallunar.com\/?product=corbata-libertad-coleccion-mafalda#breadcrumb\"},\"inLanguage\":\"es\",\"potentialAction\":[{\"@type\":\"ReadAction\",\"target\":[\"https:\/\/www.nataliallunar.com\/?product=corbata-libertad-coleccion-mafalda\"]}]},{\"@type\":\"ImageObject\",\"inLanguage\":\"es\",\"@id\":\"https:\/\/www.nataliallunar.com\/?product=corbata-libertad-coleccion-mafalda#primaryimage\",\"url\":\"https:\/\/www.nataliallunar.com\/wp-content\/uploads\/2022\/04\/2-4-01.jpeg\",\"contentUrl\":\"https:\/\/www.nataliallunar.com\/wp-content\/uploads\/2022\/04\/2-4-01.jpeg\",\"width\":960,\"height\":1920},{\"@type\":\"BreadcrumbList\",\"@id\":\"https:\/\/www.nataliallunar.com\/?product=corbata-libertad-coleccion-mafalda#breadcrumb\",\"itemListElement\":[{\"@type\":\"ListItem\",\"position\":1,\"name\":\"Portada\",\"item\":\"https:\/\/www.nataliallunar.com\/\"},{\"@type\":\"ListItem\",\"position\":2,\"name\":\"Shop\",\"item\":\"https:\/\/www.nataliallunar.com\/?page_id=53\"},{\"@type\":\"ListItem\",\"position\":3,\"name\":\"Corbata \u00abLIBERTAD\u00bb Colecci\u00f3n Mafalda\"}]},{\"@type\":\"WebSite\",\"@id\":\"https:\/\/www.nataliallunar.com\/#website\",\"url\":\"https:\/\/www.nataliallunar.com\/\",\"name\":\"Natalia LLuNar\",\"description\":\"Dise&ntilde;o textil sostenible, reversible y modular\",\"publisher\":{\"@id\":\"https:\/\/www.nataliallunar.com\/#organization\"},\"potentialAction\":[{\"@type\":\"SearchAction\",\"target\":{\"@type\":\"EntryPoint\",\"urlTemplate\":\"https:\/\/www.nataliallunar.com\/?s={search_term_string}\"},\"query-input\":\"required name=search_term_string\"}],\"inLanguage\":\"es\"},{\"@type\":\"Organization\",\"@id\":\"https:\/\/www.nataliallunar.com\/#organization\",\"name\":\"Natalia LLuNar\",\"url\":\"https:\/\/www.nataliallunar.com\/\",\"logo\":{\"@type\":\"ImageObject\",\"inLanguage\":\"es\",\"@id\":\"https:\/\/www.nataliallunar.com\/#\/schema\/logo\/image\/\",\"url\":\"https:\/\/www.nataliallunar.com\/wp-content\/uploads\/2022\/07\/logo-web-rojo-verde-1.png\",\"contentUrl\":\"https:\/\/www.nataliallunar.com\/wp-content\/uploads\/2022\/07\/logo-web-rojo-verde-1.png\",\"width\":145,\"height\":48,\"caption\":\"Natalia LLuNar\"},\"image\":{\"@id\":\"https:\/\/www.nataliallunar.com\/#\/schema\/logo\/image\/\"}}]}<\/script>\n<!-- \/ Yoast SEO plugin. -->","yoast_head_json":{"title":"Corbata \"LIBERTAD\" Colecci\u00f3n Mafalda - Natalia LLuNar","robots":{"index":"index","follow":"follow","max-snippet":"max-snippet:-1","max-image-preview":"max-image-preview:large","max-video-preview":"max-video-preview:-1"},"canonical":"https:\/\/www.nataliallunar.com\/?product=corbata-libertad-coleccion-mafalda","og_locale":"es_ES","og_type":"article","og_title":"Corbata \"LIBERTAD\" Colecci\u00f3n Mafalda - Natalia LLuNar","og_url":"https:\/\/www.nataliallunar.com\/?product=corbata-libertad-coleccion-mafalda","og_site_name":"Natalia LLuNar","article_modified_time":"2022-05-02T15:28:49+00:00","og_image":[{"width":960,"height":1920,"url":"https:\/\/www.nataliallunar.com\/wp-content\/uploads\/2022\/04\/2-4-01.jpeg","type":"image\/jpeg"}],"twitter_card":"summary_large_image","twitter_misc":{"Tiempo de lectura":"1 minuto"},"schema":{"@context":"https:\/\/schema.org","@graph":[{"@type":"WebPage","@id":"https:\/\/www.nataliallunar.com\/?product=corbata-libertad-coleccion-mafalda","url":"https:\/\/www.nataliallunar.com\/?product=corbata-libertad-coleccion-mafalda","name":"Corbata \"LIBERTAD\" Colecci\u00f3n Mafalda - Natalia LLuNar","isPartOf":{"@id":"https:\/\/www.nataliallunar.com\/#website"},"primaryImageOfPage":{"@id":"https:\/\/www.nataliallunar.com\/?product=corbata-libertad-coleccion-mafalda#primaryimage"},"image":{"@id":"https:\/\/www.nataliallunar.com\/?product=corbata-libertad-coleccion-mafalda#primaryimage"},"thumbnailUrl":"https:\/\/www.nataliallunar.com\/wp-content\/uploads\/2022\/04\/2-4-01.jpeg","datePublished":"2022-04-30T11:02:24+00:00","dateModified":"2022-05-02T15:28:49+00:00","breadcrumb":{"@id":"https:\/\/www.nataliallunar.com\/?product=corbata-libertad-coleccion-mafalda#breadcrumb"},"inLanguage":"es","potentialAction":[{"@type":"ReadAction","target":["https:\/\/www.nataliallunar.com\/?product=corbata-libertad-coleccion-mafalda"]}]},{"@type":"ImageObject","inLanguage":"es","@id":"https:\/\/www.nataliallunar.com\/?product=corbata-libertad-coleccion-mafalda#primaryimage","url":"https:\/\/www.nataliallunar.com\/wp-content\/uploads\/2022\/04\/2-4-01.jpeg","contentUrl":"https:\/\/www.nataliallunar.com\/wp-content\/uploads\/2022\/04\/2-4-01.jpeg","width":960,"height":1920},{"@type":"BreadcrumbList","@id":"https:\/\/www.nataliallunar.com\/?product=corbata-libertad-coleccion-mafalda#breadcrumb","itemListElement":[{"@type":"ListItem","position":1,"name":"Portada","item":"https:\/\/www.nataliallunar.com\/"},{"@type":"ListItem","position":2,"name":"Shop","item":"https:\/\/www.nataliallunar.com\/?page_id=53"},{"@type":"ListItem","position":3,"name":"Corbata \u00abLIBERTAD\u00bb Colecci\u00f3n Mafalda"}]},{"@type":"WebSite","@id":"https:\/\/www.nataliallunar.com\/#website","url":"https:\/\/www.nataliallunar.com\/","name":"Natalia LLuNar","description":"Dise&ntilde;o textil sostenible, reversible y modular","publisher":{"@id":"https:\/\/www.nataliallunar.com\/#organization"},"potentialAction":[{"@type":"SearchAction","target":{"@type":"EntryPoint","urlTemplate":"https:\/\/www.nataliallunar.com\/?s={search_term_string}"},"query-input":"required name=search_term_string"}],"inLanguage":"es"},{"@type":"Organization","@id":"https:\/\/www.nataliallunar.com\/#organization","name":"Natalia LLuNar","url":"https:\/\/www.nataliallunar.com\/","logo":{"@type":"ImageObject","inLanguage":"es","@id":"https:\/\/www.nataliallunar.com\/#\/schema\/logo\/image\/","url":"https:\/\/www.nataliallunar.com\/wp-content\/uploads\/2022\/07\/logo-web-rojo-verde-1.png","contentUrl":"https:\/\/www.nataliallunar.com\/wp-content\/uploads\/2022\/07\/logo-web-rojo-verde-1.png","width":145,"height":48,"caption":"Natalia LLuNar"},"image":{"@id":"https:\/\/www.nataliallunar.com\/#\/schema\/logo\/image\/"}}]}},"_links":{"self":[{"href":"https:\/\/www.nataliallunar.com\/index.php?rest_route=\/wp\/v2\/product\/8007","targetHints":{"allow":["GET"]}}],"collection":[{"href":"https:\/\/www.nataliallunar.com\/index.php?rest_route=\/wp\/v2\/product"}],"about":[{"href":"https:\/\/www.nataliallunar.com\/index.php?rest_route=\/wp\/v2\/types\/product"}],"replies":[{"embeddable":true,"href":"https:\/\/www.nataliallunar.com\/index.php?rest_route=%2Fwp%2Fv2%2Fcomments&post=8007"}],"wp:featuredmedia":[{"embeddable":true,"href":"https:\/\/www.nataliallunar.com\/index.php?rest_route=\/wp\/v2\/media\/8008"}],"wp:attachment":[{"href":"https:\/\/www.nataliallunar.com\/index.php?rest_route=%2Fwp%2Fv2%2Fmedia&parent=8007"}],"wp:term":[{"taxonomy":"product_cat","embeddable":true,"href":"https:\/\/www.nataliallunar.com\/index.php?rest_route=%2Fwp%2Fv2%2Fproduct_cat&post=8007"},{"taxonomy":"product_tag","embeddable":true,"href":"https:\/\/www.nataliallunar.com\/index.php?rest_route=%2Fwp%2Fv2%2Fproduct_tag&post=8007"}],"curies":[{"name":"wp","href":"https:\/\/api.w.org\/{rel}","templated":true}]}}