{"id":7929,"date":"2021-12-16T23:29:33","date_gmt":"2021-12-16T23:29:33","guid":{"rendered":"https:\/\/www.nataliallunar.com\/?post_type=product&#038;p=7929"},"modified":"2021-12-16T23:29:33","modified_gmt":"2021-12-16T23:29:33","slug":"corbata-gigia-cuero-black","status":"publish","type":"product","link":"https:\/\/www.nataliallunar.com\/?product=corbata-gigia-cuero-black","title":{"rendered":"Corbata GIGIA \u00abcuero &#038; black\u00bb"},"content":{"rendered":"\n<p>Corbata dise\u00f1ada y confeccionada de manera artesanal en Asturias.<\/p>\n<p>Pieza exclusiva y \u00fanica, una unidad por modelo.<\/p>\n<p>Materiales: algod\u00f3n con certificaci\u00f3n OekoTex 100 y ecopiel.<\/p>\n","protected":false},"excerpt":{"rendered":"<p>Corbata dise\u00f1ada y confeccionada de manera artesanal en Asturias. Pieza exclusiva y \u00fanica, una unidad por modelo. Materiales: algod\u00f3n con certificaci\u00f3n OekoTex 100 y ecopiel.<\/p>\n","protected":false},"featured_media":7878,"comment_status":"open","ping_status":"closed","template":"","meta":{"_monsterinsights_skip_tracking":false,"_monsterinsights_sitenote_active":false,"_monsterinsights_sitenote_note":"","_monsterinsights_sitenote_category":0,"_themeisle_gutenberg_block_has_review":false,"_ti_tpc_template_sync":false,"_ti_tpc_template_id":""},"product_cat":[42,43],"product_tag":[],"class_list":{"0":"post-7929","1":"product","2":"type-product","3":"status-publish","4":"has-post-thumbnail","6":"product_cat-coleccion-gigia","7":"product_cat-corbatas-coleccion-gigia","9":"first","10":"instock","11":"taxable","12":"shipping-taxable","13":"purchasable","14":"product-type-simple"},"yoast_head":"<!-- This site is optimized with the Yoast SEO plugin v22.8 - https:\/\/yoast.com\/wordpress\/plugins\/seo\/ -->\n<title>Corbata GIGIA &quot;cuero &amp; black&quot; - Natalia LLuNar<\/title>\n<meta name=\"robots\" content=\"index, follow, max-snippet:-1, max-image-preview:large, max-video-preview:-1\" \/>\n<link rel=\"canonical\" href=\"https:\/\/www.nataliallunar.com\/?product=corbata-gigia-cuero-black\" \/>\n<meta property=\"og:locale\" content=\"es_ES\" \/>\n<meta property=\"og:type\" content=\"article\" \/>\n<meta property=\"og:title\" content=\"Corbata GIGIA &quot;cuero &amp; black&quot; - Natalia LLuNar\" \/>\n<meta property=\"og:description\" content=\"Corbata dise\u00f1ada y confeccionada de manera artesanal en Asturias. Pieza exclusiva y \u00fanica, una unidad por modelo. Materiales: algod\u00f3n con certificaci\u00f3n OekoTex 100 y ecopiel.\" \/>\n<meta property=\"og:url\" content=\"https:\/\/www.nataliallunar.com\/?product=corbata-gigia-cuero-black\" \/>\n<meta property=\"og:site_name\" content=\"Natalia LLuNar\" \/>\n<meta property=\"og:image\" content=\"https:\/\/www.nataliallunar.com\/wp-content\/uploads\/2021\/12\/IMG_7999-01.jpeg\" \/>\n\t<meta property=\"og:image:width\" content=\"1280\" \/>\n\t<meta property=\"og:image:height\" content=\"1920\" \/>\n\t<meta property=\"og:image:type\" content=\"image\/jpeg\" \/>\n<meta name=\"twitter:card\" content=\"summary_large_image\" \/>\n<meta name=\"twitter:label1\" content=\"Tiempo de lectura\" \/>\n\t<meta name=\"twitter:data1\" content=\"1 minuto\" \/>\n<script type=\"application\/ld+json\" class=\"yoast-schema-graph\">{\"@context\":\"https:\/\/schema.org\",\"@graph\":[{\"@type\":\"WebPage\",\"@id\":\"https:\/\/www.nataliallunar.com\/?product=corbata-gigia-cuero-black\",\"url\":\"https:\/\/www.nataliallunar.com\/?product=corbata-gigia-cuero-black\",\"name\":\"Corbata GIGIA \\\"cuero & black\\\" - Natalia LLuNar\",\"isPartOf\":{\"@id\":\"https:\/\/www.nataliallunar.com\/#website\"},\"primaryImageOfPage\":{\"@id\":\"https:\/\/www.nataliallunar.com\/?product=corbata-gigia-cuero-black#primaryimage\"},\"image\":{\"@id\":\"https:\/\/www.nataliallunar.com\/?product=corbata-gigia-cuero-black#primaryimage\"},\"thumbnailUrl\":\"https:\/\/www.nataliallunar.com\/wp-content\/uploads\/2021\/12\/IMG_7999-01.jpeg\",\"datePublished\":\"2021-12-16T23:29:33+00:00\",\"dateModified\":\"2021-12-16T23:29:33+00:00\",\"breadcrumb\":{\"@id\":\"https:\/\/www.nataliallunar.com\/?product=corbata-gigia-cuero-black#breadcrumb\"},\"inLanguage\":\"es\",\"potentialAction\":[{\"@type\":\"ReadAction\",\"target\":[\"https:\/\/www.nataliallunar.com\/?product=corbata-gigia-cuero-black\"]}]},{\"@type\":\"ImageObject\",\"inLanguage\":\"es\",\"@id\":\"https:\/\/www.nataliallunar.com\/?product=corbata-gigia-cuero-black#primaryimage\",\"url\":\"https:\/\/www.nataliallunar.com\/wp-content\/uploads\/2021\/12\/IMG_7999-01.jpeg\",\"contentUrl\":\"https:\/\/www.nataliallunar.com\/wp-content\/uploads\/2021\/12\/IMG_7999-01.jpeg\",\"width\":1280,\"height\":1920},{\"@type\":\"BreadcrumbList\",\"@id\":\"https:\/\/www.nataliallunar.com\/?product=corbata-gigia-cuero-black#breadcrumb\",\"itemListElement\":[{\"@type\":\"ListItem\",\"position\":1,\"name\":\"Portada\",\"item\":\"https:\/\/www.nataliallunar.com\/\"},{\"@type\":\"ListItem\",\"position\":2,\"name\":\"Shop\",\"item\":\"https:\/\/www.nataliallunar.com\/?page_id=53\"},{\"@type\":\"ListItem\",\"position\":3,\"name\":\"Corbata GIGIA \u00abcuero &#038; black\u00bb\"}]},{\"@type\":\"WebSite\",\"@id\":\"https:\/\/www.nataliallunar.com\/#website\",\"url\":\"https:\/\/www.nataliallunar.com\/\",\"name\":\"Natalia LLuNar\",\"description\":\"Dise&ntilde;o textil sostenible, reversible y modular\",\"publisher\":{\"@id\":\"https:\/\/www.nataliallunar.com\/#organization\"},\"potentialAction\":[{\"@type\":\"SearchAction\",\"target\":{\"@type\":\"EntryPoint\",\"urlTemplate\":\"https:\/\/www.nataliallunar.com\/?s={search_term_string}\"},\"query-input\":\"required name=search_term_string\"}],\"inLanguage\":\"es\"},{\"@type\":\"Organization\",\"@id\":\"https:\/\/www.nataliallunar.com\/#organization\",\"name\":\"Natalia LLuNar\",\"url\":\"https:\/\/www.nataliallunar.com\/\",\"logo\":{\"@type\":\"ImageObject\",\"inLanguage\":\"es\",\"@id\":\"https:\/\/www.nataliallunar.com\/#\/schema\/logo\/image\/\",\"url\":\"https:\/\/www.nataliallunar.com\/wp-content\/uploads\/2022\/07\/logo-web-rojo-verde-1.png\",\"contentUrl\":\"https:\/\/www.nataliallunar.com\/wp-content\/uploads\/2022\/07\/logo-web-rojo-verde-1.png\",\"width\":145,\"height\":48,\"caption\":\"Natalia LLuNar\"},\"image\":{\"@id\":\"https:\/\/www.nataliallunar.com\/#\/schema\/logo\/image\/\"}}]}<\/script>\n<!-- \/ Yoast SEO plugin. -->","yoast_head_json":{"title":"Corbata GIGIA \"cuero & black\" - Natalia LLuNar","robots":{"index":"index","follow":"follow","max-snippet":"max-snippet:-1","max-image-preview":"max-image-preview:large","max-video-preview":"max-video-preview:-1"},"canonical":"https:\/\/www.nataliallunar.com\/?product=corbata-gigia-cuero-black","og_locale":"es_ES","og_type":"article","og_title":"Corbata GIGIA \"cuero & black\" - Natalia LLuNar","og_description":"Corbata dise\u00f1ada y confeccionada de manera artesanal en Asturias. Pieza exclusiva y \u00fanica, una unidad por modelo. Materiales: algod\u00f3n con certificaci\u00f3n OekoTex 100 y ecopiel.","og_url":"https:\/\/www.nataliallunar.com\/?product=corbata-gigia-cuero-black","og_site_name":"Natalia LLuNar","og_image":[{"width":1280,"height":1920,"url":"https:\/\/www.nataliallunar.com\/wp-content\/uploads\/2021\/12\/IMG_7999-01.jpeg","type":"image\/jpeg"}],"twitter_card":"summary_large_image","twitter_misc":{"Tiempo de lectura":"1 minuto"},"schema":{"@context":"https:\/\/schema.org","@graph":[{"@type":"WebPage","@id":"https:\/\/www.nataliallunar.com\/?product=corbata-gigia-cuero-black","url":"https:\/\/www.nataliallunar.com\/?product=corbata-gigia-cuero-black","name":"Corbata GIGIA \"cuero & black\" - Natalia LLuNar","isPartOf":{"@id":"https:\/\/www.nataliallunar.com\/#website"},"primaryImageOfPage":{"@id":"https:\/\/www.nataliallunar.com\/?product=corbata-gigia-cuero-black#primaryimage"},"image":{"@id":"https:\/\/www.nataliallunar.com\/?product=corbata-gigia-cuero-black#primaryimage"},"thumbnailUrl":"https:\/\/www.nataliallunar.com\/wp-content\/uploads\/2021\/12\/IMG_7999-01.jpeg","datePublished":"2021-12-16T23:29:33+00:00","dateModified":"2021-12-16T23:29:33+00:00","breadcrumb":{"@id":"https:\/\/www.nataliallunar.com\/?product=corbata-gigia-cuero-black#breadcrumb"},"inLanguage":"es","potentialAction":[{"@type":"ReadAction","target":["https:\/\/www.nataliallunar.com\/?product=corbata-gigia-cuero-black"]}]},{"@type":"ImageObject","inLanguage":"es","@id":"https:\/\/www.nataliallunar.com\/?product=corbata-gigia-cuero-black#primaryimage","url":"https:\/\/www.nataliallunar.com\/wp-content\/uploads\/2021\/12\/IMG_7999-01.jpeg","contentUrl":"https:\/\/www.nataliallunar.com\/wp-content\/uploads\/2021\/12\/IMG_7999-01.jpeg","width":1280,"height":1920},{"@type":"BreadcrumbList","@id":"https:\/\/www.nataliallunar.com\/?product=corbata-gigia-cuero-black#breadcrumb","itemListElement":[{"@type":"ListItem","position":1,"name":"Portada","item":"https:\/\/www.nataliallunar.com\/"},{"@type":"ListItem","position":2,"name":"Shop","item":"https:\/\/www.nataliallunar.com\/?page_id=53"},{"@type":"ListItem","position":3,"name":"Corbata GIGIA \u00abcuero &#038; black\u00bb"}]},{"@type":"WebSite","@id":"https:\/\/www.nataliallunar.com\/#website","url":"https:\/\/www.nataliallunar.com\/","name":"Natalia LLuNar","description":"Dise&ntilde;o textil sostenible, reversible y modular","publisher":{"@id":"https:\/\/www.nataliallunar.com\/#organization"},"potentialAction":[{"@type":"SearchAction","target":{"@type":"EntryPoint","urlTemplate":"https:\/\/www.nataliallunar.com\/?s={search_term_string}"},"query-input":"required name=search_term_string"}],"inLanguage":"es"},{"@type":"Organization","@id":"https:\/\/www.nataliallunar.com\/#organization","name":"Natalia LLuNar","url":"https:\/\/www.nataliallunar.com\/","logo":{"@type":"ImageObject","inLanguage":"es","@id":"https:\/\/www.nataliallunar.com\/#\/schema\/logo\/image\/","url":"https:\/\/www.nataliallunar.com\/wp-content\/uploads\/2022\/07\/logo-web-rojo-verde-1.png","contentUrl":"https:\/\/www.nataliallunar.com\/wp-content\/uploads\/2022\/07\/logo-web-rojo-verde-1.png","width":145,"height":48,"caption":"Natalia LLuNar"},"image":{"@id":"https:\/\/www.nataliallunar.com\/#\/schema\/logo\/image\/"}}]}},"_links":{"self":[{"href":"https:\/\/www.nataliallunar.com\/index.php?rest_route=\/wp\/v2\/product\/7929","targetHints":{"allow":["GET"]}}],"collection":[{"href":"https:\/\/www.nataliallunar.com\/index.php?rest_route=\/wp\/v2\/product"}],"about":[{"href":"https:\/\/www.nataliallunar.com\/index.php?rest_route=\/wp\/v2\/types\/product"}],"replies":[{"embeddable":true,"href":"https:\/\/www.nataliallunar.com\/index.php?rest_route=%2Fwp%2Fv2%2Fcomments&post=7929"}],"wp:featuredmedia":[{"embeddable":true,"href":"https:\/\/www.nataliallunar.com\/index.php?rest_route=\/wp\/v2\/media\/7878"}],"wp:attachment":[{"href":"https:\/\/www.nataliallunar.com\/index.php?rest_route=%2Fwp%2Fv2%2Fmedia&parent=7929"}],"wp:term":[{"taxonomy":"product_cat","embeddable":true,"href":"https:\/\/www.nataliallunar.com\/index.php?rest_route=%2Fwp%2Fv2%2Fproduct_cat&post=7929"},{"taxonomy":"product_tag","embeddable":true,"href":"https:\/\/www.nataliallunar.com\/index.php?rest_route=%2Fwp%2Fv2%2Fproduct_tag&post=7929"}],"curies":[{"name":"wp","href":"https:\/\/api.w.org\/{rel}","templated":true}]}}