{"id":7784,"date":"2021-10-17T11:57:17","date_gmt":"2021-10-17T11:57:17","guid":{"rendered":"https:\/\/www.nataliallunar.com\/?post_type=product&#038;p=7784"},"modified":"2022-04-30T15:35:26","modified_gmt":"2022-04-30T15:35:26","slug":"sombrero-sombrero-trilby-molinon","status":"publish","type":"product","link":"https:\/\/www.nataliallunar.com\/?product=sombrero-sombrero-trilby-molinon","title":{"rendered":"Sombrero trilby MOLIN\u00d3N"},"content":{"rendered":"<h5 style=\"text-align: left;\">Sombrero TRILBY MOLIN\u00d3N- Colecci\u00f3n Gigia<\/h5>\n<div class=\"y4Yt_f NN8L-8 JT3_zV MxUWj-\" data-testid=\"pdp-accordion-material_care\">\n<div class=\"y4Yt_f NN8L-8 JT3_zV MxUWj-\" data-testid=\"pdp-accordion-material_care\"><style>#jtg-7758 .modula-item .jtg-social a, .lightbox-socials.jtg-social a{ fill: #ffffff; color: #ffffff }#jtg-7758 .modula-item .jtg-social-mobile a{ fill: #ffffff; color: #ffffff }#jtg-7758 .modula-item .jtg-social svg, .lightbox-socials.jtg-social svg { height: 16px; width: 16px }#jtg-7758 .modula-item .jtg-social-mobile svg { height: 16px; width: 16px }#jtg-7758 .modula-item .jtg-social a:not(:last-child), .lightbox-socials.jtg-social a:not(:last-child) { margin-right: 10px }#jtg-7758 .modula-item .jtg-social-mobile .jtg-social-mobile-icons a:not(:last-child){ margin-right: 10px }#jtg-7758 .modula-item .figc {color:#ffffff;}#jtg-7758 .modula-item .modula-item-content { transform: scale(1) }#jtg-7758 { width:100%;}#jtg-7758 .modula-items{height:800px;}@media screen and (max-width: 992px) {#jtg-7758 .modula-items{height:800px;}}@media screen and (max-width: 768px) {#jtg-7758 .modula-items{height:800px;}}#jtg-7758 .modula-items .figc p.description { font-size:14px; }#jtg-7758 .modula-items .figc p.description { color:#ffffff;}#jtg-7758.modula-gallery .modula-item > a, #jtg-7758.modula-gallery .modula-item, #jtg-7758.modula-gallery .modula-item-content > a:not(.modula-no-follow) { cursor:zoom-in; } #jtg-7758.modula-gallery .modula-item-content .modula-no-follow { cursor: default; } @media screen and (max-width:480px){#jtg-7758 .modula-item .figc .jtg-title {  font-size: 12px; }#jtg-7758 .modula-items .figc p.description { color:#ffffff;font-size:10px; }}<\/style>\n<!-- Gallery Container -->\n<div  id=\"jtg-7758\" class=\"modula modula-gallery modula-creative-gallery\" data-config=\"{&quot;height&quot;:800,&quot;tabletHeight&quot;:800,&quot;mobileHeight&quot;:800,&quot;desktopHeight&quot;:800,&quot;enableTwitter&quot;:false,&quot;enableWhatsapp&quot;:false,&quot;enableFacebook&quot;:false,&quot;enablePinterest&quot;:false,&quot;enableLinkedin&quot;:false,&quot;enableEmail&quot;:false,&quot;randomFactor&quot;:0.5,&quot;type&quot;:&quot;creative-gallery&quot;,&quot;columns&quot;:12,&quot;gutter&quot;:10,&quot;mobileGutter&quot;:10,&quot;tabletGutter&quot;:10,&quot;desktopGutter&quot;:10,&quot;enableResponsive&quot;:&quot;0&quot;,&quot;tabletColumns&quot;:&quot;2&quot;,&quot;mobileColumns&quot;:&quot;1&quot;,&quot;lazyLoad&quot;:&quot;0&quot;,&quot;lightboxOpts&quot;:{&quot;animated&quot;:true,&quot;Thumbs&quot;:{&quot;type&quot;:&quot;modern&quot;,&quot;showOnStart&quot;:false},&quot;Toolbar&quot;:{&quot;display&quot;:{&quot;right&quot;:[&quot;close&quot;]},&quot;enabled&quot;:true},&quot;Carousel&quot;:{&quot;Panzoom&quot;:{&quot;touch&quot;:false},&quot;infinite&quot;:false},&quot;keyboard&quot;:{&quot;Escape&quot;:&quot;close&quot;,&quot;Delete&quot;:&quot;close&quot;,&quot;Backspace&quot;:&quot;close&quot;,&quot;PageUp&quot;:false,&quot;PageDown&quot;:false,&quot;ArrowUp&quot;:false,&quot;ArrowDown&quot;:false,&quot;ArrowRight&quot;:false,&quot;ArrowLeft&quot;:false},&quot;touch&quot;:false,&quot;backdropClick&quot;:false,&quot;l10n&quot;:{&quot;CLOSE&quot;:&quot;Close&quot;,&quot;NEXT&quot;:&quot;Next&quot;,&quot;PREV&quot;:&quot;Previous&quot;,&quot;Error&quot;:&quot;The requested content cannot be loaded. Please try again later.&quot;,&quot;PLAY_START&quot;:&quot;Start slideshow&quot;,&quot;PLAY_STOP&quot;:&quot;Pause slideshow&quot;,&quot;FULL_SCREEN&quot;:&quot;Full screen&quot;,&quot;THUMBS&quot;:&quot;Thumbnails&quot;,&quot;DOWNLOAD&quot;:&quot;Download&quot;,&quot;SHARE&quot;:&quot;Share&quot;,&quot;ZOOM&quot;:&quot;Zoom&quot;,&quot;EMAIL&quot;:&quot;Here is the link to the image : %%image_link%% and this is the link to the gallery : %%gallery_link%%&quot;,&quot;MODAL&quot;:&quot;You can close this modal content with the ESC key&quot;,&quot;ERROR&quot;:&quot;Something Went Wrong, Please Try Again Later&quot;,&quot;IMAGE_ERROR&quot;:&quot;Image Not Found&quot;,&quot;ELEMENT_NOT_FOUND&quot;:&quot;HTML Element Not Found&quot;,&quot;AJAX_NOT_FOUND&quot;:&quot;Error Loading AJAX : Not Found&quot;,&quot;AJAX_FORBIDDEN&quot;:&quot;Error Loading AJAX : Forbidden&quot;,&quot;IFRAME_ERROR&quot;:&quot;Error Loading Page&quot;,&quot;TOGGLE_ZOOM&quot;:&quot;Toggle zoom level&quot;,&quot;TOGGLE_THUMBS&quot;:&quot;Toggle thumbnails&quot;,&quot;TOGGLE_SLIDESHOW&quot;:&quot;Toggle slideshow&quot;,&quot;TOGGLE_FULLSCREEN&quot;:&quot;Toggle full-screen mode&quot;},&quot;Images&quot;:{&quot;Panzoom&quot;:{&quot;maxScale&quot;:2}},&quot;mainClass&quot;:&quot;modula-fancybox-container modula-lightbox-jtg-7758&quot;,&quot;Html&quot;:{&quot;videoAutoplay&quot;:0,&quot;videoTpl&quot;:&quot;&lt;video class=\\&quot;fancybox__html5video\\&quot; controls muted playsinline controlsList controlsList=\\&quot;nodownload\\&quot; poster=\\&quot;{{poster}}\\&quot; src=\\&quot;{{src}}\\&quot; type=\\&quot;{{format}}\\&quot; &gt;  Sorry, your browser doesn&#039;t support embedded videos, &lt;a href=\\&quot;{{src}}\\&quot;&gt; download &lt;\\\/a&gt; and watch with your favorite video player! &lt;\\\/video&gt;&quot;}},&quot;inView&quot;:false,&quot;email_subject&quot;:&quot;Check out this awesome image !!&quot;,&quot;email_message&quot;:&quot;Here is the link to the image : %%image_link%% and this is the link to the gallery : %%gallery_link%%&quot;,&quot;lightbox&quot;:&quot;fancybox&quot;}\">\n\n\t\n\t<!-- Items Container -->\n\t<div  class=\"modula-items\">\n\t\t<div class=\"modula-item effect-pufrobo\" >\n\t<div class=\"modula-item-overlay\"><\/div>\n\n\t<div class=\"modula-item-content\">\n\n\t\t\t\t\n\t\t\t\t\t<a data-image-id=\"8035\" data-elementor-open-lightbox=\"no\" tabindex=\"0\" rel=\"jtg-7758\" data-caption=\"\" aria-label=\"Open image in lightbox\" role=\"button\" class=\"tile-inner modula-item-link\"><\/a>\n\t\t\n\t\t<img fetchpriority=\"high\" decoding=\"async\" class=\"pic wp-image-8035\"  data-valign=\"middle\" data-halign=\"center\" alt=\"\" data-full=\"https:\/\/www.nataliallunar.com\/wp-content\/uploads\/2021\/10\/1.1-2-01.jpeg\" title=\"sombrero trilby mujer MOLINON\" width=\"600\" height=\"775\" src=\"https:\/\/www.nataliallunar.com\/wp-content\/uploads\/2021\/10\/1.1-2-01-600x775.jpeg\" data-src=\"https:\/\/www.nataliallunar.com\/wp-content\/uploads\/2021\/10\/1.1-2-01-600x775.jpeg\" data-caption=\"\" srcset=\"https:\/\/www.nataliallunar.com\/wp-content\/uploads\/2021\/10\/1.1-2-01.jpeg 850w, https:\/\/www.nataliallunar.com\/wp-content\/uploads\/2021\/10\/1.1-2-01-600x775.jpeg 600w, https:\/\/www.nataliallunar.com\/wp-content\/uploads\/2021\/10\/1.1-2-01-232x300.jpeg 232w, https:\/\/www.nataliallunar.com\/wp-content\/uploads\/2021\/10\/1.1-2-01-793x1024.jpeg 793w, https:\/\/www.nataliallunar.com\/wp-content\/uploads\/2021\/10\/1.1-2-01-768x992.jpeg 768w, https:\/\/www.nataliallunar.com\/wp-content\/uploads\/2021\/10\/1.1-2-01-90x116.jpeg 90w\" sizes=\"(max-width: 600px) 100vw, 600px\" \/>\n\t\t<div class=\"figc no-description\">\n\t\t\t<div class=\"figc-inner\">\n\t\t\t\t\t\t\t\t\t\t\t\t\t\t\t<\/div>\n\t\t<\/div>\n\n\t<\/div>\n\n<\/div><div class=\"modula-item effect-pufrobo\" >\n\t<div class=\"modula-item-overlay\"><\/div>\n\n\t<div class=\"modula-item-content\">\n\n\t\t\t\t\n\t\t\t\t\t<a data-image-id=\"8036\" data-elementor-open-lightbox=\"no\" tabindex=\"0\" rel=\"jtg-7758\" data-caption=\"\" aria-label=\"Open image in lightbox\" role=\"button\" class=\"tile-inner modula-item-link\"><\/a>\n\t\t\n\t\t<img decoding=\"async\" class=\"pic wp-image-8036\"  data-valign=\"middle\" data-halign=\"center\" alt=\"\" data-full=\"https:\/\/www.nataliallunar.com\/wp-content\/uploads\/2021\/10\/2.2-2-01.jpeg\" title=\"sombrero mujer trilby MOLINON\" width=\"600\" height=\"599\" src=\"https:\/\/www.nataliallunar.com\/wp-content\/uploads\/2021\/10\/2.2-2-01-600x599.jpeg\" data-src=\"https:\/\/www.nataliallunar.com\/wp-content\/uploads\/2021\/10\/2.2-2-01-600x599.jpeg\" data-caption=\"\" srcset=\"https:\/\/www.nataliallunar.com\/wp-content\/uploads\/2021\/10\/2.2-2-01.jpeg 850w, https:\/\/www.nataliallunar.com\/wp-content\/uploads\/2021\/10\/2.2-2-01-160x160.jpeg 160w, https:\/\/www.nataliallunar.com\/wp-content\/uploads\/2021\/10\/2.2-2-01-600x599.jpeg 600w, https:\/\/www.nataliallunar.com\/wp-content\/uploads\/2021\/10\/2.2-2-01-300x300.jpeg 300w, https:\/\/www.nataliallunar.com\/wp-content\/uploads\/2021\/10\/2.2-2-01-150x150.jpeg 150w, https:\/\/www.nataliallunar.com\/wp-content\/uploads\/2021\/10\/2.2-2-01-768x767.jpeg 768w, https:\/\/www.nataliallunar.com\/wp-content\/uploads\/2021\/10\/2.2-2-01-116x116.jpeg 116w\" sizes=\"(max-width: 600px) 100vw, 600px\" \/>\n\t\t<div class=\"figc no-description\">\n\t\t\t<div class=\"figc-inner\">\n\t\t\t\t\t\t\t\t\t\t\t\t\t\t\t<\/div>\n\t\t<\/div>\n\n\t<\/div>\n\n<\/div><div class=\"modula-item effect-pufrobo\" >\n\t<div class=\"modula-item-overlay\"><\/div>\n\n\t<div class=\"modula-item-content\">\n\n\t\t\t\t\n\t\t\t\t\t<a data-image-id=\"8037\" data-elementor-open-lightbox=\"no\" tabindex=\"0\" rel=\"jtg-7758\" data-caption=\"\" aria-label=\"Open image in lightbox\" role=\"button\" class=\"tile-inner modula-item-link\"><\/a>\n\t\t\n\t\t<img decoding=\"async\" class=\"pic wp-image-8037\"  data-valign=\"middle\" data-halign=\"center\" alt=\"\" data-full=\"https:\/\/www.nataliallunar.com\/wp-content\/uploads\/2021\/10\/3.3-2-01.jpeg\" title=\"sombrero trilby mujer MOLINON\" width=\"600\" height=\"599\" src=\"https:\/\/www.nataliallunar.com\/wp-content\/uploads\/2021\/10\/3.3-2-01-600x599.jpeg\" data-src=\"https:\/\/www.nataliallunar.com\/wp-content\/uploads\/2021\/10\/3.3-2-01-600x599.jpeg\" data-caption=\"\" srcset=\"https:\/\/www.nataliallunar.com\/wp-content\/uploads\/2021\/10\/3.3-2-01.jpeg 850w, https:\/\/www.nataliallunar.com\/wp-content\/uploads\/2021\/10\/3.3-2-01-160x160.jpeg 160w, https:\/\/www.nataliallunar.com\/wp-content\/uploads\/2021\/10\/3.3-2-01-600x599.jpeg 600w, https:\/\/www.nataliallunar.com\/wp-content\/uploads\/2021\/10\/3.3-2-01-300x300.jpeg 300w, https:\/\/www.nataliallunar.com\/wp-content\/uploads\/2021\/10\/3.3-2-01-150x150.jpeg 150w, https:\/\/www.nataliallunar.com\/wp-content\/uploads\/2021\/10\/3.3-2-01-768x767.jpeg 768w, https:\/\/www.nataliallunar.com\/wp-content\/uploads\/2021\/10\/3.3-2-01-116x116.jpeg 116w\" sizes=\"(max-width: 600px) 100vw, 600px\" \/>\n\t\t<div class=\"figc no-description\">\n\t\t\t<div class=\"figc-inner\">\n\t\t\t\t\t\t\t\t\t\t\t\t\t\t\t<\/div>\n\t\t<\/div>\n\n\t<\/div>\n\n<\/div>\t\t\n\t<\/div>\n\n\t\n\t\n\t<script type=\"application\/ld+json\">\n\t{\n\t\t\"@context\": \"http:\/\/schema.org\",\n\t\t\"@type\"   : \"ImageGallery\",\n\t\t\"id\"      : \"https:\/\/www.nataliallunar.com\/?product=sombrero-sombrero-trilby-molinon\/\",\n\t\t\"url\"     : \"https:\/\/www.nataliallunar.com\/?product=sombrero-sombrero-trilby-molinon\/\"\n\t}\n\n\t<\/script>\n\n\t\n<\/div><\/div>\n<h2 class=\"heWLCX\"><button class=\"_3h-z9K DJxzzA u9KIT8 uEg2FS U_OhzR ZkIJC- Vn-7c- FCIprz heWLCX Md_Vex NN8L-8 _d3F40 P3OKTW mo6ZnF K82if3 dcqDU0 pVrzNP LyRfpJ OXMl2N oW5DLR f2qidi _56Chwa\" tabindex=\"0\" type=\"button\" aria-expanded=\"true\"><span class=\"JCuRr_\"><span class=\"_0xLoFW _78xIQ- P3OKTW\"><span class=\"_7Cm1F9 ka2E9k uMhVZi dgII7d _6yVObe pVrzNP\">Composici\u00f3n y cuidados<\/span><\/span><\/span><\/button><\/h2>\n<div class=\"ZkIJC- i8_8W0\">\n<div class=\"OXMl2N xVaPPo f2qidi _56Chwa\">\n<div class=\"\">\n<div class=\"b3yJDY\"><span class=\"u-6V88 ka2E9k uMhVZi dgII7d _6yVObe pVrzNP zN9KaA\">Material exterior:<\/span> 64%algod\u00f3n 36%poli\u00e9ster<\/div>\n<div class=\"b3yJDY\">Forro: 60%algod\u00f3n 40%poli\u00e9ster<\/div>\n<div>\n<p>Piezas de decoraci\u00f3n elaboradas artesanalmente utilizando ecopiel negra te\u00f1ida con vegetales y<\/p>\n<div>algod\u00f3n con certificaci\u00f3n OekoTek 100.<\/div>\n<div class=\"b3yJDY\">Cuidados: no lavar, limpiar con pa\u00f1o h\u00famedo, no admite lej\u00eda. En el momento de guardado, no doblar y mantener en lugar fresco.<\/div>\n<\/div>\n<\/div>\n<\/div>\n<\/div>\n<\/div>\n<div class=\"y4Yt_f NN8L-8 JT3_zV MxUWj-\" data-testid=\"pdp-accordion-details\">\n<div class=\"_8-SRTZ VuYQuj KVKCn3 jDGwVr u-C3dd mo6ZnF KLaowZ nXkCf3\"><\/div>\n<h2 class=\"heWLCX\"><button class=\"_3h-z9K DJxzzA u9KIT8 uEg2FS U_OhzR ZkIJC- Vn-7c- FCIprz heWLCX Md_Vex NN8L-8 _d3F40 P3OKTW mo6ZnF K82if3 dcqDU0 pVrzNP LyRfpJ OXMl2N oW5DLR f2qidi _56Chwa\" tabindex=\"0\" type=\"button\" aria-expanded=\"true\"><span class=\"JCuRr_\"><span class=\"_0xLoFW _78xIQ- P3OKTW\"><span class=\"_7Cm1F9 ka2E9k uMhVZi dgII7d _6yVObe pVrzNP\">Caracter\u00edsticas del producto<\/span><\/span><\/span><\/button><\/h2>\n<div class=\"ZkIJC- i8_8W0\">\n<div class=\"OXMl2N xVaPPo f2qidi _56Chwa\">\n<div class=\"\">\n<div class=\"b3yJDY\"><span class=\"u-6V88 ka2E9k uMhVZi dgII7d _6yVObe pVrzNP zN9KaA\">Dise\u00f1o de pieza \u00fanica y exclusiva.<\/span><\/div>\n<div>Confecci\u00f3n local y decoraci\u00f3n artesana.<\/div>\n<div>Involucr\u00e1ndonos en el cuidado del Medioambiente y apostando por una moda circular y sostenible, hemos empleado para su decoraci\u00f3n ecopiel te\u00f1ida con vegetales en lugar de minerales, as\u00ed como la utilizaci\u00f3n de materiales recuperados. As\u00ed como la flor lateral, confeccionada artesanalmente de 100%algod\u00f3n con certificaci\u00f3n OekoTek 100.<\/div>\n<div class=\"b3yJDY\"><\/div>\n<div class=\"b3yJDY\"><\/div>\n<div class=\"\"><\/div>\n<\/div>\n<\/div>\n<\/div>\n<\/div>\n<div class=\"y4Yt_f NN8L-8 JT3_zV MxUWj-\" data-testid=\"pdp-accordion-size_fit\">\n<h2 class=\"heWLCX\"><button class=\"_3h-z9K DJxzzA u9KIT8 uEg2FS U_OhzR ZkIJC- Vn-7c- FCIprz heWLCX Md_Vex NN8L-8 _d3F40 P3OKTW mo6ZnF K82if3 dcqDU0 pVrzNP LyRfpJ OXMl2N oW5DLR f2qidi _56Chwa\" tabindex=\"0\" type=\"button\" aria-expanded=\"true\"><span class=\"JCuRr_\"><span class=\"_0xLoFW _78xIQ- P3OKTW\"><span class=\"_7Cm1F9 ka2E9k uMhVZi dgII7d _6yVObe pVrzNP\">Talla y corte<\/span><\/span><\/span><\/button><\/h2>\n<div class=\"ZkIJC- i8_8W0\">\n<div class=\"OXMl2N xVaPPo f2qidi _56Chwa\">\n<div class=\"\">\n<div class=\"\"><span class=\"u-6V88 ka2E9k uMhVZi dgII7d _6yVObe pVrzNP zN9KaA\">Circunferencia: <\/span>58 cm<\/div>\n<\/div>\n<\/div>\n<\/div>\n<\/div>\n","protected":false},"excerpt":{"rendered":"<p>Sombrero TRILBY MOLIN\u00d3N- Colecci\u00f3n Gigia Composici\u00f3n y cuidados Material exterior: 64%algod\u00f3n 36%poli\u00e9ster Forro: 60%algod\u00f3n 40%poli\u00e9ster Piezas de decoraci\u00f3n elaboradas artesanalmente utilizando ecopiel negra te\u00f1ida con vegetales y algod\u00f3n con certificaci\u00f3n OekoTek 100. Cuidados: no lavar, limpiar con pa\u00f1o h\u00famedo, no admite lej\u00eda. En el momento de guardado, no doblar y [&hellip;]<\/p>\n","protected":false},"featured_media":8037,"comment_status":"open","ping_status":"closed","template":"","meta":{"_monsterinsights_skip_tracking":false,"_monsterinsights_sitenote_active":false,"_monsterinsights_sitenote_note":"","_monsterinsights_sitenote_category":0,"_themeisle_gutenberg_block_has_review":false,"_ti_tpc_template_sync":false,"_ti_tpc_template_id":""},"product_cat":[42,27,41],"product_tag":[],"class_list":{"0":"post-7784","1":"product","2":"type-product","3":"status-publish","4":"has-post-thumbnail","6":"product_cat-coleccion-gigia","7":"product_cat-sombreros","8":"product_cat-sombreros-gigia","9":"product_shipping_class-envio-a-europa","11":"first","12":"instock","13":"taxable","14":"shipping-taxable","15":"purchasable","16":"product-type-simple"},"yoast_head":"<!-- This site is optimized with the Yoast SEO plugin v22.8 - https:\/\/yoast.com\/wordpress\/plugins\/seo\/ -->\n<title>Sombrero trilby MOLIN\u00d3N - Natalia LLuNar<\/title>\n<meta name=\"robots\" content=\"index, follow, max-snippet:-1, max-image-preview:large, max-video-preview:-1\" \/>\n<link rel=\"canonical\" href=\"https:\/\/www.nataliallunar.com\/?product=sombrero-sombrero-trilby-molinon\" \/>\n<meta property=\"og:locale\" content=\"es_ES\" \/>\n<meta property=\"og:type\" content=\"article\" \/>\n<meta property=\"og:title\" content=\"Sombrero trilby MOLIN\u00d3N - Natalia LLuNar\" \/>\n<meta property=\"og:description\" content=\"Sombrero TRILBY MOLIN\u00d3N- Colecci\u00f3n Gigia Composici\u00f3n y cuidados Material exterior: 64%algod\u00f3n 36%poli\u00e9ster Forro: 60%algod\u00f3n 40%poli\u00e9ster Piezas de decoraci\u00f3n elaboradas artesanalmente utilizando ecopiel negra te\u00f1ida con vegetales y algod\u00f3n con certificaci\u00f3n OekoTek 100. Cuidados: no lavar, limpiar con pa\u00f1o h\u00famedo, no admite lej\u00eda. En el momento de guardado, no doblar y [&hellip;]\" \/>\n<meta property=\"og:url\" content=\"https:\/\/www.nataliallunar.com\/?product=sombrero-sombrero-trilby-molinon\" \/>\n<meta property=\"og:site_name\" content=\"Natalia LLuNar\" \/>\n<meta property=\"article:modified_time\" content=\"2022-04-30T15:35:26+00:00\" \/>\n<meta property=\"og:image\" content=\"https:\/\/www.nataliallunar.com\/wp-content\/uploads\/2021\/10\/3.3-2-01.jpeg\" \/>\n\t<meta property=\"og:image:width\" content=\"850\" \/>\n\t<meta property=\"og:image:height\" content=\"849\" \/>\n\t<meta property=\"og:image:type\" content=\"image\/jpeg\" \/>\n<meta name=\"twitter:card\" content=\"summary_large_image\" \/>\n<meta name=\"twitter:label1\" content=\"Tiempo de lectura\" \/>\n\t<meta name=\"twitter:data1\" content=\"1 minuto\" \/>\n<script type=\"application\/ld+json\" class=\"yoast-schema-graph\">{\"@context\":\"https:\/\/schema.org\",\"@graph\":[{\"@type\":\"WebPage\",\"@id\":\"https:\/\/www.nataliallunar.com\/?product=sombrero-sombrero-trilby-molinon\",\"url\":\"https:\/\/www.nataliallunar.com\/?product=sombrero-sombrero-trilby-molinon\",\"name\":\"Sombrero trilby MOLIN\u00d3N - Natalia LLuNar\",\"isPartOf\":{\"@id\":\"https:\/\/www.nataliallunar.com\/#website\"},\"primaryImageOfPage\":{\"@id\":\"https:\/\/www.nataliallunar.com\/?product=sombrero-sombrero-trilby-molinon#primaryimage\"},\"image\":{\"@id\":\"https:\/\/www.nataliallunar.com\/?product=sombrero-sombrero-trilby-molinon#primaryimage\"},\"thumbnailUrl\":\"https:\/\/www.nataliallunar.com\/wp-content\/uploads\/2021\/10\/3.3-2-01.jpeg\",\"datePublished\":\"2021-10-17T11:57:17+00:00\",\"dateModified\":\"2022-04-30T15:35:26+00:00\",\"breadcrumb\":{\"@id\":\"https:\/\/www.nataliallunar.com\/?product=sombrero-sombrero-trilby-molinon#breadcrumb\"},\"inLanguage\":\"es\",\"potentialAction\":[{\"@type\":\"ReadAction\",\"target\":[\"https:\/\/www.nataliallunar.com\/?product=sombrero-sombrero-trilby-molinon\"]}]},{\"@type\":\"ImageObject\",\"inLanguage\":\"es\",\"@id\":\"https:\/\/www.nataliallunar.com\/?product=sombrero-sombrero-trilby-molinon#primaryimage\",\"url\":\"https:\/\/www.nataliallunar.com\/wp-content\/uploads\/2021\/10\/3.3-2-01.jpeg\",\"contentUrl\":\"https:\/\/www.nataliallunar.com\/wp-content\/uploads\/2021\/10\/3.3-2-01.jpeg\",\"width\":850,\"height\":849},{\"@type\":\"BreadcrumbList\",\"@id\":\"https:\/\/www.nataliallunar.com\/?product=sombrero-sombrero-trilby-molinon#breadcrumb\",\"itemListElement\":[{\"@type\":\"ListItem\",\"position\":1,\"name\":\"Portada\",\"item\":\"https:\/\/www.nataliallunar.com\/\"},{\"@type\":\"ListItem\",\"position\":2,\"name\":\"Shop\",\"item\":\"https:\/\/www.nataliallunar.com\/?page_id=53\"},{\"@type\":\"ListItem\",\"position\":3,\"name\":\"Sombrero trilby MOLIN\u00d3N\"}]},{\"@type\":\"WebSite\",\"@id\":\"https:\/\/www.nataliallunar.com\/#website\",\"url\":\"https:\/\/www.nataliallunar.com\/\",\"name\":\"Natalia LLuNar\",\"description\":\"Dise&ntilde;o textil sostenible, reversible y modular\",\"publisher\":{\"@id\":\"https:\/\/www.nataliallunar.com\/#organization\"},\"potentialAction\":[{\"@type\":\"SearchAction\",\"target\":{\"@type\":\"EntryPoint\",\"urlTemplate\":\"https:\/\/www.nataliallunar.com\/?s={search_term_string}\"},\"query-input\":\"required name=search_term_string\"}],\"inLanguage\":\"es\"},{\"@type\":\"Organization\",\"@id\":\"https:\/\/www.nataliallunar.com\/#organization\",\"name\":\"Natalia LLuNar\",\"url\":\"https:\/\/www.nataliallunar.com\/\",\"logo\":{\"@type\":\"ImageObject\",\"inLanguage\":\"es\",\"@id\":\"https:\/\/www.nataliallunar.com\/#\/schema\/logo\/image\/\",\"url\":\"https:\/\/www.nataliallunar.com\/wp-content\/uploads\/2022\/07\/logo-web-rojo-verde-1.png\",\"contentUrl\":\"https:\/\/www.nataliallunar.com\/wp-content\/uploads\/2022\/07\/logo-web-rojo-verde-1.png\",\"width\":145,\"height\":48,\"caption\":\"Natalia LLuNar\"},\"image\":{\"@id\":\"https:\/\/www.nataliallunar.com\/#\/schema\/logo\/image\/\"}}]}<\/script>\n<!-- \/ Yoast SEO plugin. -->","yoast_head_json":{"title":"Sombrero trilby MOLIN\u00d3N - Natalia LLuNar","robots":{"index":"index","follow":"follow","max-snippet":"max-snippet:-1","max-image-preview":"max-image-preview:large","max-video-preview":"max-video-preview:-1"},"canonical":"https:\/\/www.nataliallunar.com\/?product=sombrero-sombrero-trilby-molinon","og_locale":"es_ES","og_type":"article","og_title":"Sombrero trilby MOLIN\u00d3N - Natalia LLuNar","og_description":"Sombrero TRILBY MOLIN\u00d3N- Colecci\u00f3n Gigia Composici\u00f3n y cuidados Material exterior: 64%algod\u00f3n 36%poli\u00e9ster Forro: 60%algod\u00f3n 40%poli\u00e9ster Piezas de decoraci\u00f3n elaboradas artesanalmente utilizando ecopiel negra te\u00f1ida con vegetales y algod\u00f3n con certificaci\u00f3n OekoTek 100. Cuidados: no lavar, limpiar con pa\u00f1o h\u00famedo, no admite lej\u00eda. En el momento de guardado, no doblar y [&hellip;]","og_url":"https:\/\/www.nataliallunar.com\/?product=sombrero-sombrero-trilby-molinon","og_site_name":"Natalia LLuNar","article_modified_time":"2022-04-30T15:35:26+00:00","og_image":[{"width":850,"height":849,"url":"https:\/\/www.nataliallunar.com\/wp-content\/uploads\/2021\/10\/3.3-2-01.jpeg","type":"image\/jpeg"}],"twitter_card":"summary_large_image","twitter_misc":{"Tiempo de lectura":"1 minuto"},"schema":{"@context":"https:\/\/schema.org","@graph":[{"@type":"WebPage","@id":"https:\/\/www.nataliallunar.com\/?product=sombrero-sombrero-trilby-molinon","url":"https:\/\/www.nataliallunar.com\/?product=sombrero-sombrero-trilby-molinon","name":"Sombrero trilby MOLIN\u00d3N - Natalia LLuNar","isPartOf":{"@id":"https:\/\/www.nataliallunar.com\/#website"},"primaryImageOfPage":{"@id":"https:\/\/www.nataliallunar.com\/?product=sombrero-sombrero-trilby-molinon#primaryimage"},"image":{"@id":"https:\/\/www.nataliallunar.com\/?product=sombrero-sombrero-trilby-molinon#primaryimage"},"thumbnailUrl":"https:\/\/www.nataliallunar.com\/wp-content\/uploads\/2021\/10\/3.3-2-01.jpeg","datePublished":"2021-10-17T11:57:17+00:00","dateModified":"2022-04-30T15:35:26+00:00","breadcrumb":{"@id":"https:\/\/www.nataliallunar.com\/?product=sombrero-sombrero-trilby-molinon#breadcrumb"},"inLanguage":"es","potentialAction":[{"@type":"ReadAction","target":["https:\/\/www.nataliallunar.com\/?product=sombrero-sombrero-trilby-molinon"]}]},{"@type":"ImageObject","inLanguage":"es","@id":"https:\/\/www.nataliallunar.com\/?product=sombrero-sombrero-trilby-molinon#primaryimage","url":"https:\/\/www.nataliallunar.com\/wp-content\/uploads\/2021\/10\/3.3-2-01.jpeg","contentUrl":"https:\/\/www.nataliallunar.com\/wp-content\/uploads\/2021\/10\/3.3-2-01.jpeg","width":850,"height":849},{"@type":"BreadcrumbList","@id":"https:\/\/www.nataliallunar.com\/?product=sombrero-sombrero-trilby-molinon#breadcrumb","itemListElement":[{"@type":"ListItem","position":1,"name":"Portada","item":"https:\/\/www.nataliallunar.com\/"},{"@type":"ListItem","position":2,"name":"Shop","item":"https:\/\/www.nataliallunar.com\/?page_id=53"},{"@type":"ListItem","position":3,"name":"Sombrero trilby MOLIN\u00d3N"}]},{"@type":"WebSite","@id":"https:\/\/www.nataliallunar.com\/#website","url":"https:\/\/www.nataliallunar.com\/","name":"Natalia LLuNar","description":"Dise&ntilde;o textil sostenible, reversible y modular","publisher":{"@id":"https:\/\/www.nataliallunar.com\/#organization"},"potentialAction":[{"@type":"SearchAction","target":{"@type":"EntryPoint","urlTemplate":"https:\/\/www.nataliallunar.com\/?s={search_term_string}"},"query-input":"required name=search_term_string"}],"inLanguage":"es"},{"@type":"Organization","@id":"https:\/\/www.nataliallunar.com\/#organization","name":"Natalia LLuNar","url":"https:\/\/www.nataliallunar.com\/","logo":{"@type":"ImageObject","inLanguage":"es","@id":"https:\/\/www.nataliallunar.com\/#\/schema\/logo\/image\/","url":"https:\/\/www.nataliallunar.com\/wp-content\/uploads\/2022\/07\/logo-web-rojo-verde-1.png","contentUrl":"https:\/\/www.nataliallunar.com\/wp-content\/uploads\/2022\/07\/logo-web-rojo-verde-1.png","width":145,"height":48,"caption":"Natalia LLuNar"},"image":{"@id":"https:\/\/www.nataliallunar.com\/#\/schema\/logo\/image\/"}}]}},"_links":{"self":[{"href":"https:\/\/www.nataliallunar.com\/index.php?rest_route=\/wp\/v2\/product\/7784","targetHints":{"allow":["GET"]}}],"collection":[{"href":"https:\/\/www.nataliallunar.com\/index.php?rest_route=\/wp\/v2\/product"}],"about":[{"href":"https:\/\/www.nataliallunar.com\/index.php?rest_route=\/wp\/v2\/types\/product"}],"replies":[{"embeddable":true,"href":"https:\/\/www.nataliallunar.com\/index.php?rest_route=%2Fwp%2Fv2%2Fcomments&post=7784"}],"wp:featuredmedia":[{"embeddable":true,"href":"https:\/\/www.nataliallunar.com\/index.php?rest_route=\/wp\/v2\/media\/8037"}],"wp:attachment":[{"href":"https:\/\/www.nataliallunar.com\/index.php?rest_route=%2Fwp%2Fv2%2Fmedia&parent=7784"}],"wp:term":[{"taxonomy":"product_cat","embeddable":true,"href":"https:\/\/www.nataliallunar.com\/index.php?rest_route=%2Fwp%2Fv2%2Fproduct_cat&post=7784"},{"taxonomy":"product_tag","embeddable":true,"href":"https:\/\/www.nataliallunar.com\/index.php?rest_route=%2Fwp%2Fv2%2Fproduct_tag&post=7784"}],"curies":[{"name":"wp","href":"https:\/\/api.w.org\/{rel}","templated":true}]}}