{"id":7410,"date":"2021-01-20T23:02:38","date_gmt":"2021-01-20T23:02:38","guid":{"rendered":"https:\/\/www.nataliallunar.com\/?post_type=product&#038;p=7410"},"modified":"2022-04-30T16:28:16","modified_gmt":"2022-04-30T16:28:16","slug":"sombrero-agathel-raso","status":"publish","type":"product","link":"https:\/\/www.nataliallunar.com\/?product=sombrero-agathel-raso","title":{"rendered":"Sombrero colecci\u00f3n AGATHEL raso"},"content":{"rendered":"<p>Sombrero sofisticado negro modelo cloch\u00e9 con detalle en raso bicolor. Dise\u00f1o exclusivo.<\/p>\n<p>Composici\u00f3n: 50% angora\u00a0 50% nylon<\/p>\n<p>Confecci\u00f3n y dise\u00f1o artesanal en Asturias<\/p>\n","protected":false},"excerpt":{"rendered":"<h6>Sombrero negro modelo cloch\u00e9 con detalle en raso bicolor.<\/h6>\n","protected":false},"featured_media":7400,"comment_status":"open","ping_status":"closed","template":"","meta":{"_monsterinsights_skip_tracking":false,"_monsterinsights_sitenote_active":false,"_monsterinsights_sitenote_note":"","_monsterinsights_sitenote_category":0,"_themeisle_gutenberg_block_has_review":false,"_ti_tpc_template_sync":false,"_ti_tpc_template_id":""},"product_cat":[27,20],"product_tag":[],"class_list":{"0":"post-7410","1":"product","2":"type-product","3":"status-publish","4":"has-post-thumbnail","6":"product_cat-sombreros","7":"product_cat-sombreros-agathel","8":"product_shipping_class-envio-a-europa","10":"first","11":"instock","12":"taxable","13":"shipping-taxable","14":"purchasable","15":"product-type-simple"},"yoast_head":"<!-- This site is optimized with the Yoast SEO plugin v22.8 - https:\/\/yoast.com\/wordpress\/plugins\/seo\/ -->\n<title>Sombrero colecci\u00f3n AGATHEL raso - Natalia LLuNar<\/title>\n<meta name=\"description\" content=\"sombrero colecci\u00f3n AGATHEL Raso, Natalia LLunar\" \/>\n<meta name=\"robots\" content=\"index, follow, max-snippet:-1, max-image-preview:large, max-video-preview:-1\" \/>\n<link rel=\"canonical\" href=\"https:\/\/www.nataliallunar.com\/?product=sombrero-agathel-raso\" \/>\n<meta property=\"og:locale\" content=\"es_ES\" \/>\n<meta property=\"og:type\" content=\"article\" \/>\n<meta property=\"og:title\" content=\"Sombrero colecci\u00f3n AGATHEL raso - Natalia LLuNar\" \/>\n<meta property=\"og:description\" content=\"sombrero colecci\u00f3n AGATHEL Raso, Natalia LLunar\" \/>\n<meta property=\"og:url\" content=\"https:\/\/www.nataliallunar.com\/?product=sombrero-agathel-raso\" \/>\n<meta property=\"og:site_name\" content=\"Natalia LLuNar\" \/>\n<meta property=\"article:modified_time\" content=\"2022-04-30T16:28:16+00:00\" \/>\n<meta property=\"og:image\" content=\"https:\/\/www.nataliallunar.com\/wp-content\/uploads\/2021\/01\/IMG_9420-e1611183714105.jpg\" \/>\n\t<meta property=\"og:image:width\" content=\"907\" \/>\n\t<meta property=\"og:image:height\" content=\"763\" \/>\n\t<meta property=\"og:image:type\" content=\"image\/jpeg\" \/>\n<meta name=\"twitter:card\" content=\"summary_large_image\" \/>\n<meta name=\"twitter:label1\" content=\"Tiempo de lectura\" \/>\n\t<meta name=\"twitter:data1\" content=\"1 minuto\" \/>\n<script type=\"application\/ld+json\" class=\"yoast-schema-graph\">{\"@context\":\"https:\/\/schema.org\",\"@graph\":[{\"@type\":\"WebPage\",\"@id\":\"https:\/\/www.nataliallunar.com\/?product=sombrero-agathel-raso\",\"url\":\"https:\/\/www.nataliallunar.com\/?product=sombrero-agathel-raso\",\"name\":\"Sombrero colecci\u00f3n AGATHEL raso - Natalia LLuNar\",\"isPartOf\":{\"@id\":\"https:\/\/www.nataliallunar.com\/#website\"},\"primaryImageOfPage\":{\"@id\":\"https:\/\/www.nataliallunar.com\/?product=sombrero-agathel-raso#primaryimage\"},\"image\":{\"@id\":\"https:\/\/www.nataliallunar.com\/?product=sombrero-agathel-raso#primaryimage\"},\"thumbnailUrl\":\"https:\/\/www.nataliallunar.com\/wp-content\/uploads\/2021\/01\/IMG_9420-e1611183714105.jpg\",\"datePublished\":\"2021-01-20T23:02:38+00:00\",\"dateModified\":\"2022-04-30T16:28:16+00:00\",\"description\":\"sombrero colecci\u00f3n AGATHEL Raso, Natalia LLunar\",\"breadcrumb\":{\"@id\":\"https:\/\/www.nataliallunar.com\/?product=sombrero-agathel-raso#breadcrumb\"},\"inLanguage\":\"es\",\"potentialAction\":[{\"@type\":\"ReadAction\",\"target\":[\"https:\/\/www.nataliallunar.com\/?product=sombrero-agathel-raso\"]}]},{\"@type\":\"ImageObject\",\"inLanguage\":\"es\",\"@id\":\"https:\/\/www.nataliallunar.com\/?product=sombrero-agathel-raso#primaryimage\",\"url\":\"https:\/\/www.nataliallunar.com\/wp-content\/uploads\/2021\/01\/IMG_9420-e1611183714105.jpg\",\"contentUrl\":\"https:\/\/www.nataliallunar.com\/wp-content\/uploads\/2021\/01\/IMG_9420-e1611183714105.jpg\",\"width\":907,\"height\":763},{\"@type\":\"BreadcrumbList\",\"@id\":\"https:\/\/www.nataliallunar.com\/?product=sombrero-agathel-raso#breadcrumb\",\"itemListElement\":[{\"@type\":\"ListItem\",\"position\":1,\"name\":\"Portada\",\"item\":\"https:\/\/www.nataliallunar.com\/\"},{\"@type\":\"ListItem\",\"position\":2,\"name\":\"Shop\",\"item\":\"https:\/\/www.nataliallunar.com\/?page_id=53\"},{\"@type\":\"ListItem\",\"position\":3,\"name\":\"Sombrero colecci\u00f3n AGATHEL raso\"}]},{\"@type\":\"WebSite\",\"@id\":\"https:\/\/www.nataliallunar.com\/#website\",\"url\":\"https:\/\/www.nataliallunar.com\/\",\"name\":\"Natalia LLuNar\",\"description\":\"Dise&ntilde;o textil sostenible, reversible y modular\",\"publisher\":{\"@id\":\"https:\/\/www.nataliallunar.com\/#organization\"},\"potentialAction\":[{\"@type\":\"SearchAction\",\"target\":{\"@type\":\"EntryPoint\",\"urlTemplate\":\"https:\/\/www.nataliallunar.com\/?s={search_term_string}\"},\"query-input\":\"required name=search_term_string\"}],\"inLanguage\":\"es\"},{\"@type\":\"Organization\",\"@id\":\"https:\/\/www.nataliallunar.com\/#organization\",\"name\":\"Natalia LLuNar\",\"url\":\"https:\/\/www.nataliallunar.com\/\",\"logo\":{\"@type\":\"ImageObject\",\"inLanguage\":\"es\",\"@id\":\"https:\/\/www.nataliallunar.com\/#\/schema\/logo\/image\/\",\"url\":\"https:\/\/www.nataliallunar.com\/wp-content\/uploads\/2022\/07\/logo-web-rojo-verde-1.png\",\"contentUrl\":\"https:\/\/www.nataliallunar.com\/wp-content\/uploads\/2022\/07\/logo-web-rojo-verde-1.png\",\"width\":145,\"height\":48,\"caption\":\"Natalia LLuNar\"},\"image\":{\"@id\":\"https:\/\/www.nataliallunar.com\/#\/schema\/logo\/image\/\"}}]}<\/script>\n<!-- \/ Yoast SEO plugin. -->","yoast_head_json":{"title":"Sombrero colecci\u00f3n AGATHEL raso - Natalia LLuNar","description":"sombrero colecci\u00f3n AGATHEL Raso, Natalia LLunar","robots":{"index":"index","follow":"follow","max-snippet":"max-snippet:-1","max-image-preview":"max-image-preview:large","max-video-preview":"max-video-preview:-1"},"canonical":"https:\/\/www.nataliallunar.com\/?product=sombrero-agathel-raso","og_locale":"es_ES","og_type":"article","og_title":"Sombrero colecci\u00f3n AGATHEL raso - Natalia LLuNar","og_description":"sombrero colecci\u00f3n AGATHEL Raso, Natalia LLunar","og_url":"https:\/\/www.nataliallunar.com\/?product=sombrero-agathel-raso","og_site_name":"Natalia LLuNar","article_modified_time":"2022-04-30T16:28:16+00:00","og_image":[{"width":907,"height":763,"url":"https:\/\/www.nataliallunar.com\/wp-content\/uploads\/2021\/01\/IMG_9420-e1611183714105.jpg","type":"image\/jpeg"}],"twitter_card":"summary_large_image","twitter_misc":{"Tiempo de lectura":"1 minuto"},"schema":{"@context":"https:\/\/schema.org","@graph":[{"@type":"WebPage","@id":"https:\/\/www.nataliallunar.com\/?product=sombrero-agathel-raso","url":"https:\/\/www.nataliallunar.com\/?product=sombrero-agathel-raso","name":"Sombrero colecci\u00f3n AGATHEL raso - Natalia LLuNar","isPartOf":{"@id":"https:\/\/www.nataliallunar.com\/#website"},"primaryImageOfPage":{"@id":"https:\/\/www.nataliallunar.com\/?product=sombrero-agathel-raso#primaryimage"},"image":{"@id":"https:\/\/www.nataliallunar.com\/?product=sombrero-agathel-raso#primaryimage"},"thumbnailUrl":"https:\/\/www.nataliallunar.com\/wp-content\/uploads\/2021\/01\/IMG_9420-e1611183714105.jpg","datePublished":"2021-01-20T23:02:38+00:00","dateModified":"2022-04-30T16:28:16+00:00","description":"sombrero colecci\u00f3n AGATHEL Raso, Natalia LLunar","breadcrumb":{"@id":"https:\/\/www.nataliallunar.com\/?product=sombrero-agathel-raso#breadcrumb"},"inLanguage":"es","potentialAction":[{"@type":"ReadAction","target":["https:\/\/www.nataliallunar.com\/?product=sombrero-agathel-raso"]}]},{"@type":"ImageObject","inLanguage":"es","@id":"https:\/\/www.nataliallunar.com\/?product=sombrero-agathel-raso#primaryimage","url":"https:\/\/www.nataliallunar.com\/wp-content\/uploads\/2021\/01\/IMG_9420-e1611183714105.jpg","contentUrl":"https:\/\/www.nataliallunar.com\/wp-content\/uploads\/2021\/01\/IMG_9420-e1611183714105.jpg","width":907,"height":763},{"@type":"BreadcrumbList","@id":"https:\/\/www.nataliallunar.com\/?product=sombrero-agathel-raso#breadcrumb","itemListElement":[{"@type":"ListItem","position":1,"name":"Portada","item":"https:\/\/www.nataliallunar.com\/"},{"@type":"ListItem","position":2,"name":"Shop","item":"https:\/\/www.nataliallunar.com\/?page_id=53"},{"@type":"ListItem","position":3,"name":"Sombrero colecci\u00f3n AGATHEL raso"}]},{"@type":"WebSite","@id":"https:\/\/www.nataliallunar.com\/#website","url":"https:\/\/www.nataliallunar.com\/","name":"Natalia LLuNar","description":"Dise&ntilde;o textil sostenible, reversible y modular","publisher":{"@id":"https:\/\/www.nataliallunar.com\/#organization"},"potentialAction":[{"@type":"SearchAction","target":{"@type":"EntryPoint","urlTemplate":"https:\/\/www.nataliallunar.com\/?s={search_term_string}"},"query-input":"required name=search_term_string"}],"inLanguage":"es"},{"@type":"Organization","@id":"https:\/\/www.nataliallunar.com\/#organization","name":"Natalia LLuNar","url":"https:\/\/www.nataliallunar.com\/","logo":{"@type":"ImageObject","inLanguage":"es","@id":"https:\/\/www.nataliallunar.com\/#\/schema\/logo\/image\/","url":"https:\/\/www.nataliallunar.com\/wp-content\/uploads\/2022\/07\/logo-web-rojo-verde-1.png","contentUrl":"https:\/\/www.nataliallunar.com\/wp-content\/uploads\/2022\/07\/logo-web-rojo-verde-1.png","width":145,"height":48,"caption":"Natalia LLuNar"},"image":{"@id":"https:\/\/www.nataliallunar.com\/#\/schema\/logo\/image\/"}}]}},"_links":{"self":[{"href":"https:\/\/www.nataliallunar.com\/index.php?rest_route=\/wp\/v2\/product\/7410","targetHints":{"allow":["GET"]}}],"collection":[{"href":"https:\/\/www.nataliallunar.com\/index.php?rest_route=\/wp\/v2\/product"}],"about":[{"href":"https:\/\/www.nataliallunar.com\/index.php?rest_route=\/wp\/v2\/types\/product"}],"replies":[{"embeddable":true,"href":"https:\/\/www.nataliallunar.com\/index.php?rest_route=%2Fwp%2Fv2%2Fcomments&post=7410"}],"wp:featuredmedia":[{"embeddable":true,"href":"https:\/\/www.nataliallunar.com\/index.php?rest_route=\/wp\/v2\/media\/7400"}],"wp:attachment":[{"href":"https:\/\/www.nataliallunar.com\/index.php?rest_route=%2Fwp%2Fv2%2Fmedia&parent=7410"}],"wp:term":[{"taxonomy":"product_cat","embeddable":true,"href":"https:\/\/www.nataliallunar.com\/index.php?rest_route=%2Fwp%2Fv2%2Fproduct_cat&post=7410"},{"taxonomy":"product_tag","embeddable":true,"href":"https:\/\/www.nataliallunar.com\/index.php?rest_route=%2Fwp%2Fv2%2Fproduct_tag&post=7410"}],"curies":[{"name":"wp","href":"https:\/\/api.w.org\/{rel}","templated":true}]}}