{"id":7408,"date":"2021-01-20T22:59:47","date_gmt":"2021-01-20T22:59:47","guid":{"rendered":"https:\/\/www.nataliallunar.com\/?post_type=product&#038;p=7408"},"modified":"2021-01-21T10:58:12","modified_gmt":"2021-01-21T10:58:12","slug":"sombrero-coleccion-agathel-cuero","status":"publish","type":"product","link":"https:\/\/www.nataliallunar.com\/?product=sombrero-coleccion-agathel-cuero","title":{"rendered":"Sombrero colecci\u00f3n AGATHEL polipiel"},"content":{"rendered":"<p>Sombrero elegante negro, modelo cloch\u00e9 con dise\u00f1o exclusivo de detalle en polipiel y cremallera<\/p>\n<p>Composici\u00f3n: 50% angora\u00a0 50% nylon<\/p>\n<p>Confecci\u00f3n y dise\u00f1o artesanal en Asturias<\/p>\n","protected":false},"excerpt":{"rendered":"<p>Sombrero negro modelo cloch\u00e9 con detalle en polipiel y cremallera<\/p>\n","protected":false},"featured_media":7409,"comment_status":"open","ping_status":"closed","template":"","meta":{"_monsterinsights_skip_tracking":false,"_monsterinsights_sitenote_active":false,"_monsterinsights_sitenote_note":"","_monsterinsights_sitenote_category":0,"_themeisle_gutenberg_block_has_review":false,"_ti_tpc_template_sync":false,"_ti_tpc_template_id":""},"product_cat":[27,20],"product_tag":[],"class_list":{"0":"post-7408","1":"product","2":"type-product","3":"status-publish","4":"has-post-thumbnail","6":"product_cat-sombreros","7":"product_cat-sombreros-agathel","9":"first","10":"instock","11":"taxable","12":"shipping-taxable","13":"purchasable","14":"product-type-simple"},"yoast_head":"<!-- This site is optimized with the Yoast SEO plugin v22.8 - https:\/\/yoast.com\/wordpress\/plugins\/seo\/ -->\n<title>Sombrero colecci\u00f3n AGATHEL polipiel - Natalia LLuNar<\/title>\n<meta name=\"robots\" content=\"index, follow, max-snippet:-1, max-image-preview:large, max-video-preview:-1\" \/>\n<link rel=\"canonical\" href=\"https:\/\/www.nataliallunar.com\/?product=sombrero-coleccion-agathel-cuero\" \/>\n<meta property=\"og:locale\" content=\"es_ES\" \/>\n<meta property=\"og:type\" content=\"article\" \/>\n<meta property=\"og:title\" content=\"Sombrero colecci\u00f3n AGATHEL polipiel - Natalia LLuNar\" \/>\n<meta property=\"og:description\" content=\"Sombrero negro modelo cloch\u00e9 con detalle en polipiel y cremallera\" \/>\n<meta property=\"og:url\" content=\"https:\/\/www.nataliallunar.com\/?product=sombrero-coleccion-agathel-cuero\" \/>\n<meta property=\"og:site_name\" content=\"Natalia LLuNar\" \/>\n<meta property=\"article:modified_time\" content=\"2021-01-21T10:58:12+00:00\" \/>\n<meta property=\"og:image\" content=\"https:\/\/www.nataliallunar.com\/wp-content\/uploads\/2021\/01\/IMG_9408.jpeg\" \/>\n\t<meta property=\"og:image:width\" content=\"1280\" \/>\n\t<meta property=\"og:image:height\" content=\"1920\" \/>\n\t<meta property=\"og:image:type\" content=\"image\/jpeg\" \/>\n<meta name=\"twitter:card\" content=\"summary_large_image\" \/>\n<meta name=\"twitter:label1\" content=\"Tiempo de lectura\" \/>\n\t<meta name=\"twitter:data1\" content=\"1 minuto\" \/>\n<script type=\"application\/ld+json\" class=\"yoast-schema-graph\">{\"@context\":\"https:\/\/schema.org\",\"@graph\":[{\"@type\":\"WebPage\",\"@id\":\"https:\/\/www.nataliallunar.com\/?product=sombrero-coleccion-agathel-cuero\",\"url\":\"https:\/\/www.nataliallunar.com\/?product=sombrero-coleccion-agathel-cuero\",\"name\":\"Sombrero colecci\u00f3n AGATHEL polipiel - Natalia LLuNar\",\"isPartOf\":{\"@id\":\"https:\/\/www.nataliallunar.com\/#website\"},\"primaryImageOfPage\":{\"@id\":\"https:\/\/www.nataliallunar.com\/?product=sombrero-coleccion-agathel-cuero#primaryimage\"},\"image\":{\"@id\":\"https:\/\/www.nataliallunar.com\/?product=sombrero-coleccion-agathel-cuero#primaryimage\"},\"thumbnailUrl\":\"https:\/\/www.nataliallunar.com\/wp-content\/uploads\/2021\/01\/IMG_9408.jpeg\",\"datePublished\":\"2021-01-20T22:59:47+00:00\",\"dateModified\":\"2021-01-21T10:58:12+00:00\",\"breadcrumb\":{\"@id\":\"https:\/\/www.nataliallunar.com\/?product=sombrero-coleccion-agathel-cuero#breadcrumb\"},\"inLanguage\":\"es\",\"potentialAction\":[{\"@type\":\"ReadAction\",\"target\":[\"https:\/\/www.nataliallunar.com\/?product=sombrero-coleccion-agathel-cuero\"]}]},{\"@type\":\"ImageObject\",\"inLanguage\":\"es\",\"@id\":\"https:\/\/www.nataliallunar.com\/?product=sombrero-coleccion-agathel-cuero#primaryimage\",\"url\":\"https:\/\/www.nataliallunar.com\/wp-content\/uploads\/2021\/01\/IMG_9408.jpeg\",\"contentUrl\":\"https:\/\/www.nataliallunar.com\/wp-content\/uploads\/2021\/01\/IMG_9408.jpeg\",\"width\":1280,\"height\":1920},{\"@type\":\"BreadcrumbList\",\"@id\":\"https:\/\/www.nataliallunar.com\/?product=sombrero-coleccion-agathel-cuero#breadcrumb\",\"itemListElement\":[{\"@type\":\"ListItem\",\"position\":1,\"name\":\"Portada\",\"item\":\"https:\/\/www.nataliallunar.com\/\"},{\"@type\":\"ListItem\",\"position\":2,\"name\":\"Shop\",\"item\":\"https:\/\/www.nataliallunar.com\/?page_id=53\"},{\"@type\":\"ListItem\",\"position\":3,\"name\":\"Sombrero colecci\u00f3n AGATHEL polipiel\"}]},{\"@type\":\"WebSite\",\"@id\":\"https:\/\/www.nataliallunar.com\/#website\",\"url\":\"https:\/\/www.nataliallunar.com\/\",\"name\":\"Natalia LLuNar\",\"description\":\"Dise&ntilde;o textil sostenible, reversible y modular\",\"publisher\":{\"@id\":\"https:\/\/www.nataliallunar.com\/#organization\"},\"potentialAction\":[{\"@type\":\"SearchAction\",\"target\":{\"@type\":\"EntryPoint\",\"urlTemplate\":\"https:\/\/www.nataliallunar.com\/?s={search_term_string}\"},\"query-input\":\"required name=search_term_string\"}],\"inLanguage\":\"es\"},{\"@type\":\"Organization\",\"@id\":\"https:\/\/www.nataliallunar.com\/#organization\",\"name\":\"Natalia LLuNar\",\"url\":\"https:\/\/www.nataliallunar.com\/\",\"logo\":{\"@type\":\"ImageObject\",\"inLanguage\":\"es\",\"@id\":\"https:\/\/www.nataliallunar.com\/#\/schema\/logo\/image\/\",\"url\":\"https:\/\/www.nataliallunar.com\/wp-content\/uploads\/2022\/07\/logo-web-rojo-verde-1.png\",\"contentUrl\":\"https:\/\/www.nataliallunar.com\/wp-content\/uploads\/2022\/07\/logo-web-rojo-verde-1.png\",\"width\":145,\"height\":48,\"caption\":\"Natalia LLuNar\"},\"image\":{\"@id\":\"https:\/\/www.nataliallunar.com\/#\/schema\/logo\/image\/\"}}]}<\/script>\n<!-- \/ Yoast SEO plugin. -->","yoast_head_json":{"title":"Sombrero colecci\u00f3n AGATHEL polipiel - Natalia LLuNar","robots":{"index":"index","follow":"follow","max-snippet":"max-snippet:-1","max-image-preview":"max-image-preview:large","max-video-preview":"max-video-preview:-1"},"canonical":"https:\/\/www.nataliallunar.com\/?product=sombrero-coleccion-agathel-cuero","og_locale":"es_ES","og_type":"article","og_title":"Sombrero colecci\u00f3n AGATHEL polipiel - Natalia LLuNar","og_description":"Sombrero negro modelo cloch\u00e9 con detalle en polipiel y cremallera","og_url":"https:\/\/www.nataliallunar.com\/?product=sombrero-coleccion-agathel-cuero","og_site_name":"Natalia LLuNar","article_modified_time":"2021-01-21T10:58:12+00:00","og_image":[{"width":1280,"height":1920,"url":"https:\/\/www.nataliallunar.com\/wp-content\/uploads\/2021\/01\/IMG_9408.jpeg","type":"image\/jpeg"}],"twitter_card":"summary_large_image","twitter_misc":{"Tiempo de lectura":"1 minuto"},"schema":{"@context":"https:\/\/schema.org","@graph":[{"@type":"WebPage","@id":"https:\/\/www.nataliallunar.com\/?product=sombrero-coleccion-agathel-cuero","url":"https:\/\/www.nataliallunar.com\/?product=sombrero-coleccion-agathel-cuero","name":"Sombrero colecci\u00f3n AGATHEL polipiel - Natalia LLuNar","isPartOf":{"@id":"https:\/\/www.nataliallunar.com\/#website"},"primaryImageOfPage":{"@id":"https:\/\/www.nataliallunar.com\/?product=sombrero-coleccion-agathel-cuero#primaryimage"},"image":{"@id":"https:\/\/www.nataliallunar.com\/?product=sombrero-coleccion-agathel-cuero#primaryimage"},"thumbnailUrl":"https:\/\/www.nataliallunar.com\/wp-content\/uploads\/2021\/01\/IMG_9408.jpeg","datePublished":"2021-01-20T22:59:47+00:00","dateModified":"2021-01-21T10:58:12+00:00","breadcrumb":{"@id":"https:\/\/www.nataliallunar.com\/?product=sombrero-coleccion-agathel-cuero#breadcrumb"},"inLanguage":"es","potentialAction":[{"@type":"ReadAction","target":["https:\/\/www.nataliallunar.com\/?product=sombrero-coleccion-agathel-cuero"]}]},{"@type":"ImageObject","inLanguage":"es","@id":"https:\/\/www.nataliallunar.com\/?product=sombrero-coleccion-agathel-cuero#primaryimage","url":"https:\/\/www.nataliallunar.com\/wp-content\/uploads\/2021\/01\/IMG_9408.jpeg","contentUrl":"https:\/\/www.nataliallunar.com\/wp-content\/uploads\/2021\/01\/IMG_9408.jpeg","width":1280,"height":1920},{"@type":"BreadcrumbList","@id":"https:\/\/www.nataliallunar.com\/?product=sombrero-coleccion-agathel-cuero#breadcrumb","itemListElement":[{"@type":"ListItem","position":1,"name":"Portada","item":"https:\/\/www.nataliallunar.com\/"},{"@type":"ListItem","position":2,"name":"Shop","item":"https:\/\/www.nataliallunar.com\/?page_id=53"},{"@type":"ListItem","position":3,"name":"Sombrero colecci\u00f3n AGATHEL polipiel"}]},{"@type":"WebSite","@id":"https:\/\/www.nataliallunar.com\/#website","url":"https:\/\/www.nataliallunar.com\/","name":"Natalia LLuNar","description":"Dise&ntilde;o textil sostenible, reversible y modular","publisher":{"@id":"https:\/\/www.nataliallunar.com\/#organization"},"potentialAction":[{"@type":"SearchAction","target":{"@type":"EntryPoint","urlTemplate":"https:\/\/www.nataliallunar.com\/?s={search_term_string}"},"query-input":"required name=search_term_string"}],"inLanguage":"es"},{"@type":"Organization","@id":"https:\/\/www.nataliallunar.com\/#organization","name":"Natalia LLuNar","url":"https:\/\/www.nataliallunar.com\/","logo":{"@type":"ImageObject","inLanguage":"es","@id":"https:\/\/www.nataliallunar.com\/#\/schema\/logo\/image\/","url":"https:\/\/www.nataliallunar.com\/wp-content\/uploads\/2022\/07\/logo-web-rojo-verde-1.png","contentUrl":"https:\/\/www.nataliallunar.com\/wp-content\/uploads\/2022\/07\/logo-web-rojo-verde-1.png","width":145,"height":48,"caption":"Natalia LLuNar"},"image":{"@id":"https:\/\/www.nataliallunar.com\/#\/schema\/logo\/image\/"}}]}},"_links":{"self":[{"href":"https:\/\/www.nataliallunar.com\/index.php?rest_route=\/wp\/v2\/product\/7408","targetHints":{"allow":["GET"]}}],"collection":[{"href":"https:\/\/www.nataliallunar.com\/index.php?rest_route=\/wp\/v2\/product"}],"about":[{"href":"https:\/\/www.nataliallunar.com\/index.php?rest_route=\/wp\/v2\/types\/product"}],"replies":[{"embeddable":true,"href":"https:\/\/www.nataliallunar.com\/index.php?rest_route=%2Fwp%2Fv2%2Fcomments&post=7408"}],"wp:featuredmedia":[{"embeddable":true,"href":"https:\/\/www.nataliallunar.com\/index.php?rest_route=\/wp\/v2\/media\/7409"}],"wp:attachment":[{"href":"https:\/\/www.nataliallunar.com\/index.php?rest_route=%2Fwp%2Fv2%2Fmedia&parent=7408"}],"wp:term":[{"taxonomy":"product_cat","embeddable":true,"href":"https:\/\/www.nataliallunar.com\/index.php?rest_route=%2Fwp%2Fv2%2Fproduct_cat&post=7408"},{"taxonomy":"product_tag","embeddable":true,"href":"https:\/\/www.nataliallunar.com\/index.php?rest_route=%2Fwp%2Fv2%2Fproduct_tag&post=7408"}],"curies":[{"name":"wp","href":"https:\/\/api.w.org\/{rel}","templated":true}]}}