{"id":7269,"date":"2021-01-20T13:10:01","date_gmt":"2021-01-20T13:10:01","guid":{"rendered":"https:\/\/www.nataliallunar.com\/?post_type=product&#038;p=7269"},"modified":"2022-07-26T10:06:19","modified_gmt":"2022-07-26T10:06:19","slug":"falda-modelo-agathel","status":"publish","type":"product","link":"https:\/\/www.nataliallunar.com\/?product=falda-modelo-agathel","title":{"rendered":"Falda AGATHEL rosa"},"content":{"rendered":"<p>Falda reversible asim\u00e9trica, con corte a la cadera y volantes.<\/p>\n<p>Multitalla, con dise\u00f1o exclusivo.<\/p>\n<p>Confeccionada artesanalmente con telas nacionales: mikado estampado\u00a0 y algod\u00f3n.<\/p>\n<p>Confecci\u00f3n artesanal y dise\u00f1o en Asturias.<\/p>\n<p>&nbsp;<\/p>\n<p>Composici\u00f3n: seda, poli\u00e9ster y algod\u00f3n<\/p>\n","protected":false},"excerpt":{"rendered":"<p><span style=\"color: #333300;\">Falda corta reversible con corte a la cadera y volantes asim\u00e9tricos.<\/span><\/p>\n","protected":false},"featured_media":8410,"comment_status":"open","ping_status":"closed","template":"","meta":{"_monsterinsights_skip_tracking":false,"_monsterinsights_sitenote_active":false,"_monsterinsights_sitenote_note":"","_monsterinsights_sitenote_category":0,"_themeisle_gutenberg_block_has_review":false,"_ti_tpc_template_sync":false,"_ti_tpc_template_id":""},"product_cat":[19],"product_tag":[74],"class_list":{"0":"post-7269","1":"product","2":"type-product","3":"status-publish","4":"has-post-thumbnail","6":"product_cat-faldas","7":"product_tag-falda-sostenible-reversible","8":"product_shipping_class-envio-a-europa","10":"first","11":"instock","12":"taxable","13":"shipping-taxable","14":"purchasable","15":"product-type-simple"},"yoast_head":"<!-- This site is optimized with the Yoast SEO plugin v22.8 - https:\/\/yoast.com\/wordpress\/plugins\/seo\/ -->\n<title>Falda AGATHEL rosa - Natalia LLuNar<\/title>\n<meta name=\"description\" content=\"Falda reversible asim\u00e9trica, con corte a la cadera y volantes. Multitalla, con dise\u00f1o exclusivo y personalizado a medida.\" \/>\n<meta name=\"robots\" content=\"index, follow, max-snippet:-1, max-image-preview:large, max-video-preview:-1\" \/>\n<link rel=\"canonical\" href=\"https:\/\/www.nataliallunar.com\/?product=falda-modelo-agathel\" \/>\n<meta property=\"og:locale\" content=\"es_ES\" \/>\n<meta property=\"og:type\" content=\"article\" \/>\n<meta property=\"og:title\" content=\"Falda modelo Agathel\" \/>\n<meta property=\"og:description\" content=\"Falda reversible asim\u00e9trica, con corte a la cadera y volantes.Multitalla, con dise\u00f1o exclusivo y personalizado a medida.\" \/>\n<meta property=\"og:url\" content=\"https:\/\/www.nataliallunar.com\/?product=falda-modelo-agathel\" \/>\n<meta property=\"og:site_name\" content=\"Natalia LLuNar\" \/>\n<meta property=\"article:modified_time\" content=\"2022-07-26T10:06:19+00:00\" \/>\n<meta property=\"og:image\" content=\"https:\/\/www.nataliallunar.com\/wp-content\/uploads\/2021\/01\/IMG_9285.jpg\" \/>\n\t<meta property=\"og:image:width\" content=\"1440\" \/>\n\t<meta property=\"og:image:height\" content=\"1920\" \/>\n\t<meta property=\"og:image:type\" content=\"image\/jpeg\" \/>\n<meta name=\"twitter:card\" content=\"summary_large_image\" \/>\n<meta name=\"twitter:label1\" content=\"Tiempo de lectura\" \/>\n\t<meta name=\"twitter:data1\" content=\"1 minuto\" \/>\n<script type=\"application\/ld+json\" class=\"yoast-schema-graph\">{\"@context\":\"https:\/\/schema.org\",\"@graph\":[{\"@type\":\"WebPage\",\"@id\":\"https:\/\/www.nataliallunar.com\/?product=falda-modelo-agathel\",\"url\":\"https:\/\/www.nataliallunar.com\/?product=falda-modelo-agathel\",\"name\":\"Falda AGATHEL rosa - Natalia LLuNar\",\"isPartOf\":{\"@id\":\"https:\/\/www.nataliallunar.com\/#website\"},\"primaryImageOfPage\":{\"@id\":\"https:\/\/www.nataliallunar.com\/?product=falda-modelo-agathel#primaryimage\"},\"image\":{\"@id\":\"https:\/\/www.nataliallunar.com\/?product=falda-modelo-agathel#primaryimage\"},\"thumbnailUrl\":\"https:\/\/www.nataliallunar.com\/wp-content\/uploads\/2021\/01\/falda-agathel-rosa-frente.jpg\",\"datePublished\":\"2021-01-20T13:10:01+00:00\",\"dateModified\":\"2022-07-26T10:06:19+00:00\",\"description\":\"Falda reversible asim\u00e9trica, con corte a la cadera y volantes. Multitalla, con dise\u00f1o exclusivo y personalizado a medida.\",\"breadcrumb\":{\"@id\":\"https:\/\/www.nataliallunar.com\/?product=falda-modelo-agathel#breadcrumb\"},\"inLanguage\":\"es\",\"potentialAction\":[{\"@type\":\"ReadAction\",\"target\":[\"https:\/\/www.nataliallunar.com\/?product=falda-modelo-agathel\"]}]},{\"@type\":\"ImageObject\",\"inLanguage\":\"es\",\"@id\":\"https:\/\/www.nataliallunar.com\/?product=falda-modelo-agathel#primaryimage\",\"url\":\"https:\/\/www.nataliallunar.com\/wp-content\/uploads\/2021\/01\/falda-agathel-rosa-frente.jpg\",\"contentUrl\":\"https:\/\/www.nataliallunar.com\/wp-content\/uploads\/2021\/01\/falda-agathel-rosa-frente.jpg\",\"width\":1280,\"height\":1920},{\"@type\":\"BreadcrumbList\",\"@id\":\"https:\/\/www.nataliallunar.com\/?product=falda-modelo-agathel#breadcrumb\",\"itemListElement\":[{\"@type\":\"ListItem\",\"position\":1,\"name\":\"Portada\",\"item\":\"https:\/\/www.nataliallunar.com\/\"},{\"@type\":\"ListItem\",\"position\":2,\"name\":\"Shop\",\"item\":\"https:\/\/www.nataliallunar.com\/?page_id=53\"},{\"@type\":\"ListItem\",\"position\":3,\"name\":\"Falda AGATHEL rosa\"}]},{\"@type\":\"WebSite\",\"@id\":\"https:\/\/www.nataliallunar.com\/#website\",\"url\":\"https:\/\/www.nataliallunar.com\/\",\"name\":\"Natalia LLuNar\",\"description\":\"Dise&ntilde;o textil sostenible, reversible y modular\",\"publisher\":{\"@id\":\"https:\/\/www.nataliallunar.com\/#organization\"},\"potentialAction\":[{\"@type\":\"SearchAction\",\"target\":{\"@type\":\"EntryPoint\",\"urlTemplate\":\"https:\/\/www.nataliallunar.com\/?s={search_term_string}\"},\"query-input\":\"required name=search_term_string\"}],\"inLanguage\":\"es\"},{\"@type\":\"Organization\",\"@id\":\"https:\/\/www.nataliallunar.com\/#organization\",\"name\":\"Natalia LLuNar\",\"url\":\"https:\/\/www.nataliallunar.com\/\",\"logo\":{\"@type\":\"ImageObject\",\"inLanguage\":\"es\",\"@id\":\"https:\/\/www.nataliallunar.com\/#\/schema\/logo\/image\/\",\"url\":\"https:\/\/www.nataliallunar.com\/wp-content\/uploads\/2022\/07\/logo-web-rojo-verde-1.png\",\"contentUrl\":\"https:\/\/www.nataliallunar.com\/wp-content\/uploads\/2022\/07\/logo-web-rojo-verde-1.png\",\"width\":145,\"height\":48,\"caption\":\"Natalia LLuNar\"},\"image\":{\"@id\":\"https:\/\/www.nataliallunar.com\/#\/schema\/logo\/image\/\"}}]}<\/script>\n<!-- \/ Yoast SEO plugin. -->","yoast_head_json":{"title":"Falda AGATHEL rosa - Natalia LLuNar","description":"Falda reversible asim\u00e9trica, con corte a la cadera y volantes. Multitalla, con dise\u00f1o exclusivo y personalizado a medida.","robots":{"index":"index","follow":"follow","max-snippet":"max-snippet:-1","max-image-preview":"max-image-preview:large","max-video-preview":"max-video-preview:-1"},"canonical":"https:\/\/www.nataliallunar.com\/?product=falda-modelo-agathel","og_locale":"es_ES","og_type":"article","og_title":"Falda modelo Agathel","og_description":"Falda reversible asim\u00e9trica, con corte a la cadera y volantes.Multitalla, con dise\u00f1o exclusivo y personalizado a medida.","og_url":"https:\/\/www.nataliallunar.com\/?product=falda-modelo-agathel","og_site_name":"Natalia LLuNar","article_modified_time":"2022-07-26T10:06:19+00:00","og_image":[{"width":1440,"height":1920,"url":"https:\/\/www.nataliallunar.com\/wp-content\/uploads\/2021\/01\/IMG_9285.jpg","type":"image\/jpeg"}],"twitter_card":"summary_large_image","twitter_misc":{"Tiempo de lectura":"1 minuto"},"schema":{"@context":"https:\/\/schema.org","@graph":[{"@type":"WebPage","@id":"https:\/\/www.nataliallunar.com\/?product=falda-modelo-agathel","url":"https:\/\/www.nataliallunar.com\/?product=falda-modelo-agathel","name":"Falda AGATHEL rosa - Natalia LLuNar","isPartOf":{"@id":"https:\/\/www.nataliallunar.com\/#website"},"primaryImageOfPage":{"@id":"https:\/\/www.nataliallunar.com\/?product=falda-modelo-agathel#primaryimage"},"image":{"@id":"https:\/\/www.nataliallunar.com\/?product=falda-modelo-agathel#primaryimage"},"thumbnailUrl":"https:\/\/www.nataliallunar.com\/wp-content\/uploads\/2021\/01\/falda-agathel-rosa-frente.jpg","datePublished":"2021-01-20T13:10:01+00:00","dateModified":"2022-07-26T10:06:19+00:00","description":"Falda reversible asim\u00e9trica, con corte a la cadera y volantes. Multitalla, con dise\u00f1o exclusivo y personalizado a medida.","breadcrumb":{"@id":"https:\/\/www.nataliallunar.com\/?product=falda-modelo-agathel#breadcrumb"},"inLanguage":"es","potentialAction":[{"@type":"ReadAction","target":["https:\/\/www.nataliallunar.com\/?product=falda-modelo-agathel"]}]},{"@type":"ImageObject","inLanguage":"es","@id":"https:\/\/www.nataliallunar.com\/?product=falda-modelo-agathel#primaryimage","url":"https:\/\/www.nataliallunar.com\/wp-content\/uploads\/2021\/01\/falda-agathel-rosa-frente.jpg","contentUrl":"https:\/\/www.nataliallunar.com\/wp-content\/uploads\/2021\/01\/falda-agathel-rosa-frente.jpg","width":1280,"height":1920},{"@type":"BreadcrumbList","@id":"https:\/\/www.nataliallunar.com\/?product=falda-modelo-agathel#breadcrumb","itemListElement":[{"@type":"ListItem","position":1,"name":"Portada","item":"https:\/\/www.nataliallunar.com\/"},{"@type":"ListItem","position":2,"name":"Shop","item":"https:\/\/www.nataliallunar.com\/?page_id=53"},{"@type":"ListItem","position":3,"name":"Falda AGATHEL rosa"}]},{"@type":"WebSite","@id":"https:\/\/www.nataliallunar.com\/#website","url":"https:\/\/www.nataliallunar.com\/","name":"Natalia LLuNar","description":"Dise&ntilde;o textil sostenible, reversible y modular","publisher":{"@id":"https:\/\/www.nataliallunar.com\/#organization"},"potentialAction":[{"@type":"SearchAction","target":{"@type":"EntryPoint","urlTemplate":"https:\/\/www.nataliallunar.com\/?s={search_term_string}"},"query-input":"required name=search_term_string"}],"inLanguage":"es"},{"@type":"Organization","@id":"https:\/\/www.nataliallunar.com\/#organization","name":"Natalia LLuNar","url":"https:\/\/www.nataliallunar.com\/","logo":{"@type":"ImageObject","inLanguage":"es","@id":"https:\/\/www.nataliallunar.com\/#\/schema\/logo\/image\/","url":"https:\/\/www.nataliallunar.com\/wp-content\/uploads\/2022\/07\/logo-web-rojo-verde-1.png","contentUrl":"https:\/\/www.nataliallunar.com\/wp-content\/uploads\/2022\/07\/logo-web-rojo-verde-1.png","width":145,"height":48,"caption":"Natalia LLuNar"},"image":{"@id":"https:\/\/www.nataliallunar.com\/#\/schema\/logo\/image\/"}}]}},"_links":{"self":[{"href":"https:\/\/www.nataliallunar.com\/index.php?rest_route=\/wp\/v2\/product\/7269","targetHints":{"allow":["GET"]}}],"collection":[{"href":"https:\/\/www.nataliallunar.com\/index.php?rest_route=\/wp\/v2\/product"}],"about":[{"href":"https:\/\/www.nataliallunar.com\/index.php?rest_route=\/wp\/v2\/types\/product"}],"replies":[{"embeddable":true,"href":"https:\/\/www.nataliallunar.com\/index.php?rest_route=%2Fwp%2Fv2%2Fcomments&post=7269"}],"wp:featuredmedia":[{"embeddable":true,"href":"https:\/\/www.nataliallunar.com\/index.php?rest_route=\/wp\/v2\/media\/8410"}],"wp:attachment":[{"href":"https:\/\/www.nataliallunar.com\/index.php?rest_route=%2Fwp%2Fv2%2Fmedia&parent=7269"}],"wp:term":[{"taxonomy":"product_cat","embeddable":true,"href":"https:\/\/www.nataliallunar.com\/index.php?rest_route=%2Fwp%2Fv2%2Fproduct_cat&post=7269"},{"taxonomy":"product_tag","embeddable":true,"href":"https:\/\/www.nataliallunar.com\/index.php?rest_route=%2Fwp%2Fv2%2Fproduct_tag&post=7269"}],"curies":[{"name":"wp","href":"https:\/\/api.w.org\/{rel}","templated":true}]}}