{"id":7543,"date":"2021-01-27T16:10:06","date_gmt":"2021-01-27T16:10:06","guid":{"rendered":"https:\/\/www.nataliallunar.com\/?page_id=7543"},"modified":"2022-07-26T18:32:16","modified_gmt":"2022-07-26T18:32:16","slug":"sostenibilidad-textil-eco-reversible","status":"publish","type":"page","link":"https:\/\/www.nataliallunar.com\/?page_id=7543","title":{"rendered":"Sostenibilidad textil\u00a0"},"content":{"rendered":"\t\t<div data-elementor-type=\"wp-page\" data-elementor-id=\"7543\" class=\"elementor elementor-7543\">\n\t\t\t\t\t\t<section class=\"elementor-section elementor-top-section elementor-element elementor-element-777c6244 elementor-section-content-middle elementor-section-boxed elementor-section-height-default elementor-section-height-default\" data-id=\"777c6244\" data-element_type=\"section\" data-settings=\"{&quot;background_background&quot;:&quot;classic&quot;}\">\n\t\t\t\t\t\t\t<div class=\"elementor-background-overlay\"><\/div>\n\t\t\t\t\t\t\t<div class=\"elementor-container elementor-column-gap-no\">\n\t\t\t\t\t<div class=\"elementor-column elementor-col-100 elementor-top-column elementor-element elementor-element-255e30e5\" data-id=\"255e30e5\" data-element_type=\"column\">\n\t\t\t<div class=\"elementor-widget-wrap elementor-element-populated\">\n\t\t\t\t\t\t<div class=\"elementor-element elementor-element-6a42e93e elementor-widget elementor-widget-heading\" data-id=\"6a42e93e\" data-element_type=\"widget\" data-widget_type=\"heading.default\">\n\t\t\t\t<div class=\"elementor-widget-container\">\n\t\t\t<style>\/*! elementor - v3.21.0 - 26-05-2024 *\/\n.elementor-heading-title{padding:0;margin:0;line-height:1}.elementor-widget-heading .elementor-heading-title[class*=elementor-size-]>a{color:inherit;font-size:inherit;line-height:inherit}.elementor-widget-heading .elementor-heading-title.elementor-size-small{font-size:15px}.elementor-widget-heading .elementor-heading-title.elementor-size-medium{font-size:19px}.elementor-widget-heading .elementor-heading-title.elementor-size-large{font-size:29px}.elementor-widget-heading .elementor-heading-title.elementor-size-xl{font-size:39px}.elementor-widget-heading .elementor-heading-title.elementor-size-xxl{font-size:59px}<\/style><h2 class=\"elementor-heading-title elementor-size-default\">Llunar, moda textil exclusiva y sostenible<\/h2>\t\t<\/div>\n\t\t\t\t<\/div>\n\t\t\t\t<section class=\"elementor-section elementor-inner-section elementor-element elementor-element-6a09167d elementor-section-boxed elementor-section-height-default elementor-section-height-default\" data-id=\"6a09167d\" data-element_type=\"section\">\n\t\t\t\t\t\t<div class=\"elementor-container elementor-column-gap-wider\">\n\t\t\t\t\t<div class=\"elementor-column elementor-col-33 elementor-inner-column elementor-element elementor-element-7b48d94\" data-id=\"7b48d94\" data-element_type=\"column\">\n\t\t\t<div class=\"elementor-widget-wrap elementor-element-populated\">\n\t\t\t\t\t\t<div class=\"elementor-element elementor-element-23e6dcdb elementor-view-stacked elementor-shape-circle elementor-position-top elementor-mobile-position-top elementor-widget elementor-widget-icon-box\" data-id=\"23e6dcdb\" data-element_type=\"widget\" data-widget_type=\"icon-box.default\">\n\t\t\t\t<div class=\"elementor-widget-container\">\n\t\t\t<link rel=\"stylesheet\" href=\"https:\/\/www.nataliallunar.com\/wp-content\/plugins\/elementor\/assets\/css\/widget-icon-box.min.css\">\t\t<div class=\"elementor-icon-box-wrapper\">\n\n\t\t\t\t\t\t<div class=\"elementor-icon-box-icon\">\n\t\t\t\t<a href=\"https:\/\/www.nataliallunar.com\/?post_type=product\" class=\"elementor-icon elementor-animation-grow\" tabindex=\"-1\">\n\t\t\t\t<i aria-hidden=\"true\" class=\"fas fa-leaf\"><\/i>\t\t\t\t<\/a>\n\t\t\t<\/div>\n\t\t\t\n\t\t\t\t\t\t<div class=\"elementor-icon-box-content\">\n\n\t\t\t\t\t\t\t\t\t<h3 class=\"elementor-icon-box-title\">\n\t\t\t\t\t\t<a href=\"https:\/\/www.nataliallunar.com\/?post_type=product\" >\n\t\t\t\t\t\t\tSlow Fashion\t\t\t\t\t\t<\/a>\n\t\t\t\t\t<\/h3>\n\t\t\t\t\n\t\t\t\t\t\t\t\t\t<p class=\"elementor-icon-box-description\">\n\t\t\t\t\t\t\nIncorporamos la filosof\u00eda Slow Fashion, moda lenta. Atendiendo al paradigma de la sostenibilidad textil priorizamos la calidad frente a la cantidad, evitando la sobreproducci\u00f3n y su consecuente generaci\u00f3n de residuos innecesarios\t\t\t\t\t<\/p>\n\t\t\t\t\n\t\t\t<\/div>\n\t\t\t\n\t\t<\/div>\n\t\t\t\t<\/div>\n\t\t\t\t<\/div>\n\t\t\t\t\t<\/div>\n\t\t<\/div>\n\t\t\t\t<div class=\"elementor-column elementor-col-33 elementor-inner-column elementor-element elementor-element-6f446dd3\" data-id=\"6f446dd3\" data-element_type=\"column\">\n\t\t\t<div class=\"elementor-widget-wrap elementor-element-populated\">\n\t\t\t\t\t\t<div class=\"elementor-element elementor-element-56aa77e9 elementor-view-stacked elementor-shape-circle elementor-position-top elementor-mobile-position-top elementor-widget elementor-widget-icon-box\" data-id=\"56aa77e9\" data-element_type=\"widget\" data-widget_type=\"icon-box.default\">\n\t\t\t\t<div class=\"elementor-widget-container\">\n\t\t\t\t\t<div class=\"elementor-icon-box-wrapper\">\n\n\t\t\t\t\t\t<div class=\"elementor-icon-box-icon\">\n\t\t\t\t<a href=\"https:\/\/www.nataliallunar.com\/?post_type=product\" class=\"elementor-icon elementor-animation-grow\" tabindex=\"-1\">\n\t\t\t\t<i aria-hidden=\"true\" class=\"fas fa-users-slash\"><\/i>\t\t\t\t<\/a>\n\t\t\t<\/div>\n\t\t\t\n\t\t\t\t\t\t<div class=\"elementor-icon-box-content\">\n\n\t\t\t\t\t\t\t\t\t<h3 class=\"elementor-icon-box-title\">\n\t\t\t\t\t\t<a href=\"https:\/\/www.nataliallunar.com\/?post_type=product\" >\n\t\t\t\t\t\t\t\u00a1\u00a1Fuera tallas!!\t\t\t\t\t\t<\/a>\n\t\t\t\t\t<\/h3>\n\t\t\t\t\n\t\t\t\t\t\t\t\t\t<p class=\"elementor-icon-box-description\">\n\t\t\t\t\t\t\nNo nos gustan las tallas, ni que se nos encasille en cualquiera que sea, cada cuerpo es \u00fanico y afortunadamente diferente; por ello, realizamos modelos multitallas confeccionados a medida y totalmente personalizados.\t\t\t\t\t<\/p>\n\t\t\t\t\n\t\t\t<\/div>\n\t\t\t\n\t\t<\/div>\n\t\t\t\t<\/div>\n\t\t\t\t<\/div>\n\t\t\t\t\t<\/div>\n\t\t<\/div>\n\t\t\t\t<div class=\"elementor-column elementor-col-33 elementor-inner-column elementor-element elementor-element-22c5f5c2\" data-id=\"22c5f5c2\" data-element_type=\"column\">\n\t\t\t<div class=\"elementor-widget-wrap elementor-element-populated\">\n\t\t\t\t\t\t<div class=\"elementor-element elementor-element-1d8e2404 elementor-view-stacked elementor-shape-circle elementor-position-top elementor-mobile-position-top elementor-widget elementor-widget-icon-box\" data-id=\"1d8e2404\" data-element_type=\"widget\" data-widget_type=\"icon-box.default\">\n\t\t\t\t<div class=\"elementor-widget-container\">\n\t\t\t\t\t<div class=\"elementor-icon-box-wrapper\">\n\n\t\t\t\t\t\t<div class=\"elementor-icon-box-icon\">\n\t\t\t\t<a href=\"https:\/\/www.nataliallunar.com\/?post_type=product\" class=\"elementor-icon elementor-animation-grow\" tabindex=\"-1\">\n\t\t\t\t<i aria-hidden=\"true\" class=\"fas fa-wind\"><\/i>\t\t\t\t<\/a>\n\t\t\t<\/div>\n\t\t\t\n\t\t\t\t\t\t<div class=\"elementor-icon-box-content\">\n\n\t\t\t\t\t\t\t\t\t<h3 class=\"elementor-icon-box-title\">\n\t\t\t\t\t\t<a href=\"https:\/\/www.nataliallunar.com\/?post_type=product\" >\n\t\t\t\t\t\t\tAtemporales\t\t\t\t\t\t<\/a>\n\t\t\t\t\t<\/h3>\n\t\t\t\t\n\t\t\t\t\t\t\t\t\t<p class=\"elementor-icon-box-description\">\n\t\t\t\t\t\t\nCreamos prendas atemporales y exclusivas, con sistemas reversibles y modulares, logrando poseer dos, tres, cuatro e incluso seis modelos diferentes en una sola falda. Conseguimos una mujer segura de s\u00ed misma y con las ideas muy claras.\t\t\t\t\t<\/p>\n\t\t\t\t\n\t\t\t<\/div>\n\t\t\t\n\t\t<\/div>\n\t\t\t\t<\/div>\n\t\t\t\t<\/div>\n\t\t\t\t\t<\/div>\n\t\t<\/div>\n\t\t\t\t\t<\/div>\n\t\t<\/section>\n\t\t\t\t\t<\/div>\n\t\t<\/div>\n\t\t\t\t\t<\/div>\n\t\t<\/section>\n\t\t\t\t<section class=\"elementor-section elementor-top-section elementor-element elementor-element-6182de6 elementor-section-boxed elementor-section-height-default elementor-section-height-default\" data-id=\"6182de6\" data-element_type=\"section\" data-settings=\"{&quot;background_background&quot;:&quot;classic&quot;}\">\n\t\t\t\t\t\t<div class=\"elementor-container elementor-column-gap-default\">\n\t\t\t\t\t<div class=\"elementor-column elementor-col-100 elementor-top-column elementor-element elementor-element-29975f4\" data-id=\"29975f4\" data-element_type=\"column\">\n\t\t\t<div class=\"elementor-widget-wrap\">\n\t\t\t\t\t\t\t<\/div>\n\t\t<\/div>\n\t\t\t\t\t<\/div>\n\t\t<\/section>\n\t\t\t\t<section class=\"elementor-section elementor-top-section elementor-element elementor-element-2eb974d3 elementor-section-full_width elementor-section-content-middle elementor-section-height-default elementor-section-height-default\" data-id=\"2eb974d3\" data-element_type=\"section\" data-settings=\"{&quot;background_background&quot;:&quot;classic&quot;}\">\n\t\t\t\t\t\t<div class=\"elementor-container elementor-column-gap-no\">\n\t\t\t\t\t<div class=\"elementor-column elementor-col-50 elementor-top-column elementor-element elementor-element-39c0363e\" data-id=\"39c0363e\" data-element_type=\"column\" data-settings=\"{&quot;background_background&quot;:&quot;classic&quot;}\">\n\t\t\t<div class=\"elementor-widget-wrap elementor-element-populated\">\n\t\t\t\t\t<div class=\"elementor-background-overlay\"><\/div>\n\t\t\t\t\t\t\t<\/div>\n\t\t<\/div>\n\t\t\t\t<div class=\"elementor-column elementor-col-50 elementor-top-column elementor-element elementor-element-3462653f\" data-id=\"3462653f\" data-element_type=\"column\">\n\t\t\t<div class=\"elementor-widget-wrap elementor-element-populated\">\n\t\t\t\t\t\t<div class=\"elementor-element elementor-element-21dc261c elementor-widget elementor-widget-text-editor\" data-id=\"21dc261c\" data-element_type=\"widget\" data-widget_type=\"text-editor.default\">\n\t\t\t\t<div class=\"elementor-widget-container\">\n\t\t\t<style>\/*! elementor - v3.21.0 - 26-05-2024 *\/\n.elementor-widget-text-editor.elementor-drop-cap-view-stacked .elementor-drop-cap{background-color:#69727d;color:#fff}.elementor-widget-text-editor.elementor-drop-cap-view-framed .elementor-drop-cap{color:#69727d;border:3px solid;background-color:transparent}.elementor-widget-text-editor:not(.elementor-drop-cap-view-default) .elementor-drop-cap{margin-top:8px}.elementor-widget-text-editor:not(.elementor-drop-cap-view-default) .elementor-drop-cap-letter{width:1em;height:1em}.elementor-widget-text-editor .elementor-drop-cap{float:left;text-align:center;line-height:1;font-size:50px}.elementor-widget-text-editor .elementor-drop-cap-letter{display:inline-block}<\/style>\t\t\t\t<p><mark style=\"background-color: rgba(0, 0, 0, 0);\" class=\"has-inline-color has-black-color\"><span style=\"color: #ffffff;\">Volvamos a ser coherentes con nuestro entorno, volvamos a las cosas que siempre funcionaron. Nuestro camino para acercarnos a la <strong>sostenibilidad textil<\/strong> es la circularidad: tanto en el dise\u00f1o de calidad como en la confecci\u00f3n y posterior distribuci\u00f3n de las prendas. El concepto de <strong>moda Eco- Reversible <\/strong>pone de manifiesto la inclusi\u00f3n de la <strong>econom\u00eda circular<\/strong> en nuestros valores de marca y productos en forma y modo; los dise\u00f1os reversibles proponen un doble uso de la prenda, un doble estilo y una mayor duraci\u00f3n en los armarios o vestidores de nuestras casas. <\/span><\/mark><\/p>\n<p><span style=\"color: #ffffff;\"><!-- \/wp:paragraph --><!-- wp:paragraph --><\/span><\/p>\n<p><span style=\"color: #ffffff;\"><mark style=\"background-color: rgba(0, 0, 0, 0);\" class=\"has-inline-color has-black-color\"><span style=\"color: #ffffff;\">La sostenibilidad textil y el concepto eco reversible junto al aprovechamiento de las telas utilizadas en la confecci\u00f3n ya no deja<\/span> <span style=\"color: #ffffff;\">restos, sino subproductos con los que se consiguen nuevas prendas y usos.<\/span><\/mark><\/span><\/p>\n<p><span style=\"color: #ffffff;\"><!-- \/wp:paragraph --><!-- wp:paragraph --><\/span><\/p>\n<p><span style=\"color: #ffffff;\"><mark style=\"background-color: rgba(0, 0, 0, 0);\" class=\"has-inline-color has-black-color\"><span style=\"color: #ffffff;\">Huimos de las modas r\u00e1pidas y pasajeras que repercuten en la saturaci\u00f3n<\/span> <span style=\"color: #ffffff;\">de los mercados y de la explotaci\u00f3n laboral a la que muchas firmas recurren. Huimos de la fabricaci\u00f3n industrial sin sentido, y en consecuencia de la contaminaci\u00f3n del aire y<\/span> <span style=\"color: #ffffff;\">del agua a la que ese tipo de industria somete al planeta.<\/span><\/mark><\/span><\/p>\n<p><span style=\"color: #ffffff;\"><!-- \/wp:paragraph --><!-- wp:paragraph --><\/span><\/p>\n<p><span style=\"color: #ffffff;\"><mark style=\"background-color: rgba(0, 0, 0, 0);\" class=\"has-inline-color has-black-color\"><span style=\"color: #ffffff;\">En LLunar creemos y<\/span> <span style=\"color: #ffffff;\">confiamos en lo <strong>artesanal<\/strong>, en los peque\u00f1os talleres, en la inclusi\u00f3n del mundo rural, en el saber hacer de la gente con experiencia y en las ganas de aprender un oficio en las nuevas<\/span> <span style=\"color: #ffffff;\">generaciones. Creemos y apostamos por el uso de materiales y <strong> telas de calidad<\/strong>, por la integraci\u00f3n de nuevas telas de origen org\u00e1nico y natural buscando dise\u00f1os<\/span> <span style=\"color: #ffffff;\">creativos y <strong>atemporales<\/strong>.<\/span><\/mark><\/span><\/p>\t\t\t\t\t\t<\/div>\n\t\t\t\t<\/div>\n\t\t\t\t\t<\/div>\n\t\t<\/div>\n\t\t\t\t\t<\/div>\n\t\t<\/section>\n\t\t\t\t<\/div>\n\t\t","protected":false},"excerpt":{"rendered":"<p>Llunar, moda textil exclusiva y sostenible Slow Fashion Incorporamos la filosof\u00eda Slow Fashion, moda lenta. Atendiendo al paradigma de la sostenibilidad textil priorizamos la calidad frente a la cantidad, evitando la sobreproducci\u00f3n y su consecuente generaci\u00f3n de residuos innecesarios \u00a1\u00a1Fuera tallas!! No nos gustan las tallas, ni que se nos [&hellip;]<\/p>\n","protected":false},"author":1,"featured_media":7544,"parent":0,"menu_order":0,"comment_status":"closed","ping_status":"closed","template":"elementor_header_footer","meta":{"_monsterinsights_skip_tracking":false,"_monsterinsights_sitenote_active":false,"_monsterinsights_sitenote_note":"","_monsterinsights_sitenote_category":0,"_themeisle_gutenberg_block_has_review":false,"_ti_tpc_template_sync":false,"_ti_tpc_template_id":"","footnotes":""},"class_list":["post-7543","page","type-page","status-publish","has-post-thumbnail","hentry"],"yoast_head":"<!-- This site is optimized with the Yoast SEO plugin v22.8 - https:\/\/yoast.com\/wordpress\/plugins\/seo\/ -->\n<title>Sostenibilidad textil\u00a0 - Natalia LLuNar<\/title>\n<meta name=\"description\" content=\"Sostenibilidad textil eco reversible en moda de dise\u00f1o de calidad artesanal , atemporal y sin tallas en la econom\u00eda circular\" \/>\n<meta name=\"robots\" content=\"index, follow, max-snippet:-1, max-image-preview:large, max-video-preview:-1\" \/>\n<link rel=\"canonical\" href=\"https:\/\/www.nataliallunar.com\/?page_id=7543\" \/>\n<meta property=\"og:locale\" content=\"es_ES\" \/>\n<meta property=\"og:type\" content=\"article\" \/>\n<meta property=\"og:title\" content=\"Sostenibilidad textil\u00a0 - Natalia LLuNar\" \/>\n<meta property=\"og:description\" content=\"Sostenibilidad textil eco reversible en moda de dise\u00f1o de calidad artesanal , atemporal y sin tallas en la econom\u00eda circular\" \/>\n<meta property=\"og:url\" content=\"https:\/\/www.nataliallunar.com\/?page_id=7543\" \/>\n<meta property=\"og:site_name\" content=\"Natalia LLuNar\" \/>\n<meta property=\"article:modified_time\" content=\"2022-07-26T18:32:16+00:00\" \/>\n<meta property=\"og:image\" content=\"https:\/\/www.nataliallunar.com\/wp-content\/uploads\/2021\/01\/wheel-2670662.jpg\" \/>\n\t<meta property=\"og:image:width\" content=\"1920\" \/>\n\t<meta property=\"og:image:height\" content=\"1280\" \/>\n\t<meta property=\"og:image:type\" content=\"image\/jpeg\" \/>\n<meta name=\"twitter:card\" content=\"summary_large_image\" \/>\n<meta name=\"twitter:label1\" content=\"Tiempo de lectura\" \/>\n\t<meta name=\"twitter:data1\" content=\"2 minutos\" \/>\n<script type=\"application\/ld+json\" class=\"yoast-schema-graph\">{\"@context\":\"https:\/\/schema.org\",\"@graph\":[{\"@type\":\"WebPage\",\"@id\":\"https:\/\/www.nataliallunar.com\/?page_id=7543\",\"url\":\"https:\/\/www.nataliallunar.com\/?page_id=7543\",\"name\":\"Sostenibilidad textil\u00a0 - Natalia LLuNar\",\"isPartOf\":{\"@id\":\"https:\/\/www.nataliallunar.com\/#website\"},\"primaryImageOfPage\":{\"@id\":\"https:\/\/www.nataliallunar.com\/?page_id=7543#primaryimage\"},\"image\":{\"@id\":\"https:\/\/www.nataliallunar.com\/?page_id=7543#primaryimage\"},\"thumbnailUrl\":\"https:\/\/www.nataliallunar.com\/wp-content\/uploads\/2021\/01\/wheel-2670662.jpg\",\"datePublished\":\"2021-01-27T16:10:06+00:00\",\"dateModified\":\"2022-07-26T18:32:16+00:00\",\"description\":\"Sostenibilidad textil eco reversible en moda de dise\u00f1o de calidad artesanal , atemporal y sin tallas en la econom\u00eda circular\",\"breadcrumb\":{\"@id\":\"https:\/\/www.nataliallunar.com\/?page_id=7543#breadcrumb\"},\"inLanguage\":\"es\",\"potentialAction\":[{\"@type\":\"ReadAction\",\"target\":[\"https:\/\/www.nataliallunar.com\/?page_id=7543\"]}]},{\"@type\":\"ImageObject\",\"inLanguage\":\"es\",\"@id\":\"https:\/\/www.nataliallunar.com\/?page_id=7543#primaryimage\",\"url\":\"https:\/\/www.nataliallunar.com\/wp-content\/uploads\/2021\/01\/wheel-2670662.jpg\",\"contentUrl\":\"https:\/\/www.nataliallunar.com\/wp-content\/uploads\/2021\/01\/wheel-2670662.jpg\",\"width\":1920,\"height\":1280},{\"@type\":\"BreadcrumbList\",\"@id\":\"https:\/\/www.nataliallunar.com\/?page_id=7543#breadcrumb\",\"itemListElement\":[{\"@type\":\"ListItem\",\"position\":1,\"name\":\"Portada\",\"item\":\"https:\/\/www.nataliallunar.com\/\"},{\"@type\":\"ListItem\",\"position\":2,\"name\":\"Sostenibilidad textil\u00a0\"}]},{\"@type\":\"WebSite\",\"@id\":\"https:\/\/www.nataliallunar.com\/#website\",\"url\":\"https:\/\/www.nataliallunar.com\/\",\"name\":\"Natalia LLuNar\",\"description\":\"Dise&ntilde;o textil sostenible, reversible y modular\",\"publisher\":{\"@id\":\"https:\/\/www.nataliallunar.com\/#organization\"},\"potentialAction\":[{\"@type\":\"SearchAction\",\"target\":{\"@type\":\"EntryPoint\",\"urlTemplate\":\"https:\/\/www.nataliallunar.com\/?s={search_term_string}\"},\"query-input\":\"required name=search_term_string\"}],\"inLanguage\":\"es\"},{\"@type\":\"Organization\",\"@id\":\"https:\/\/www.nataliallunar.com\/#organization\",\"name\":\"Natalia LLuNar\",\"url\":\"https:\/\/www.nataliallunar.com\/\",\"logo\":{\"@type\":\"ImageObject\",\"inLanguage\":\"es\",\"@id\":\"https:\/\/www.nataliallunar.com\/#\/schema\/logo\/image\/\",\"url\":\"https:\/\/www.nataliallunar.com\/wp-content\/uploads\/2022\/07\/logo-web-rojo-verde-1.png\",\"contentUrl\":\"https:\/\/www.nataliallunar.com\/wp-content\/uploads\/2022\/07\/logo-web-rojo-verde-1.png\",\"width\":145,\"height\":48,\"caption\":\"Natalia LLuNar\"},\"image\":{\"@id\":\"https:\/\/www.nataliallunar.com\/#\/schema\/logo\/image\/\"}}]}<\/script>\n<!-- \/ Yoast SEO plugin. -->","yoast_head_json":{"title":"Sostenibilidad textil\u00a0 - Natalia LLuNar","description":"Sostenibilidad textil eco reversible en moda de dise\u00f1o de calidad artesanal , atemporal y sin tallas en la econom\u00eda circular","robots":{"index":"index","follow":"follow","max-snippet":"max-snippet:-1","max-image-preview":"max-image-preview:large","max-video-preview":"max-video-preview:-1"},"canonical":"https:\/\/www.nataliallunar.com\/?page_id=7543","og_locale":"es_ES","og_type":"article","og_title":"Sostenibilidad textil\u00a0 - Natalia LLuNar","og_description":"Sostenibilidad textil eco reversible en moda de dise\u00f1o de calidad artesanal , atemporal y sin tallas en la econom\u00eda circular","og_url":"https:\/\/www.nataliallunar.com\/?page_id=7543","og_site_name":"Natalia LLuNar","article_modified_time":"2022-07-26T18:32:16+00:00","og_image":[{"width":1920,"height":1280,"url":"https:\/\/www.nataliallunar.com\/wp-content\/uploads\/2021\/01\/wheel-2670662.jpg","type":"image\/jpeg"}],"twitter_card":"summary_large_image","twitter_misc":{"Tiempo de lectura":"2 minutos"},"schema":{"@context":"https:\/\/schema.org","@graph":[{"@type":"WebPage","@id":"https:\/\/www.nataliallunar.com\/?page_id=7543","url":"https:\/\/www.nataliallunar.com\/?page_id=7543","name":"Sostenibilidad textil\u00a0 - Natalia LLuNar","isPartOf":{"@id":"https:\/\/www.nataliallunar.com\/#website"},"primaryImageOfPage":{"@id":"https:\/\/www.nataliallunar.com\/?page_id=7543#primaryimage"},"image":{"@id":"https:\/\/www.nataliallunar.com\/?page_id=7543#primaryimage"},"thumbnailUrl":"https:\/\/www.nataliallunar.com\/wp-content\/uploads\/2021\/01\/wheel-2670662.jpg","datePublished":"2021-01-27T16:10:06+00:00","dateModified":"2022-07-26T18:32:16+00:00","description":"Sostenibilidad textil eco reversible en moda de dise\u00f1o de calidad artesanal , atemporal y sin tallas en la econom\u00eda circular","breadcrumb":{"@id":"https:\/\/www.nataliallunar.com\/?page_id=7543#breadcrumb"},"inLanguage":"es","potentialAction":[{"@type":"ReadAction","target":["https:\/\/www.nataliallunar.com\/?page_id=7543"]}]},{"@type":"ImageObject","inLanguage":"es","@id":"https:\/\/www.nataliallunar.com\/?page_id=7543#primaryimage","url":"https:\/\/www.nataliallunar.com\/wp-content\/uploads\/2021\/01\/wheel-2670662.jpg","contentUrl":"https:\/\/www.nataliallunar.com\/wp-content\/uploads\/2021\/01\/wheel-2670662.jpg","width":1920,"height":1280},{"@type":"BreadcrumbList","@id":"https:\/\/www.nataliallunar.com\/?page_id=7543#breadcrumb","itemListElement":[{"@type":"ListItem","position":1,"name":"Portada","item":"https:\/\/www.nataliallunar.com\/"},{"@type":"ListItem","position":2,"name":"Sostenibilidad textil\u00a0"}]},{"@type":"WebSite","@id":"https:\/\/www.nataliallunar.com\/#website","url":"https:\/\/www.nataliallunar.com\/","name":"Natalia LLuNar","description":"Dise&ntilde;o textil sostenible, reversible y modular","publisher":{"@id":"https:\/\/www.nataliallunar.com\/#organization"},"potentialAction":[{"@type":"SearchAction","target":{"@type":"EntryPoint","urlTemplate":"https:\/\/www.nataliallunar.com\/?s={search_term_string}"},"query-input":"required name=search_term_string"}],"inLanguage":"es"},{"@type":"Organization","@id":"https:\/\/www.nataliallunar.com\/#organization","name":"Natalia LLuNar","url":"https:\/\/www.nataliallunar.com\/","logo":{"@type":"ImageObject","inLanguage":"es","@id":"https:\/\/www.nataliallunar.com\/#\/schema\/logo\/image\/","url":"https:\/\/www.nataliallunar.com\/wp-content\/uploads\/2022\/07\/logo-web-rojo-verde-1.png","contentUrl":"https:\/\/www.nataliallunar.com\/wp-content\/uploads\/2022\/07\/logo-web-rojo-verde-1.png","width":145,"height":48,"caption":"Natalia LLuNar"},"image":{"@id":"https:\/\/www.nataliallunar.com\/#\/schema\/logo\/image\/"}}]}},"_links":{"self":[{"href":"https:\/\/www.nataliallunar.com\/index.php?rest_route=\/wp\/v2\/pages\/7543","targetHints":{"allow":["GET"]}}],"collection":[{"href":"https:\/\/www.nataliallunar.com\/index.php?rest_route=\/wp\/v2\/pages"}],"about":[{"href":"https:\/\/www.nataliallunar.com\/index.php?rest_route=\/wp\/v2\/types\/page"}],"author":[{"embeddable":true,"href":"https:\/\/www.nataliallunar.com\/index.php?rest_route=\/wp\/v2\/users\/1"}],"replies":[{"embeddable":true,"href":"https:\/\/www.nataliallunar.com\/index.php?rest_route=%2Fwp%2Fv2%2Fcomments&post=7543"}],"version-history":[{"count":59,"href":"https:\/\/www.nataliallunar.com\/index.php?rest_route=\/wp\/v2\/pages\/7543\/revisions"}],"predecessor-version":[{"id":8560,"href":"https:\/\/www.nataliallunar.com\/index.php?rest_route=\/wp\/v2\/pages\/7543\/revisions\/8560"}],"wp:featuredmedia":[{"embeddable":true,"href":"https:\/\/www.nataliallunar.com\/index.php?rest_route=\/wp\/v2\/media\/7544"}],"wp:attachment":[{"href":"https:\/\/www.nataliallunar.com\/index.php?rest_route=%2Fwp%2Fv2%2Fmedia&parent=7543"}],"curies":[{"name":"wp","href":"https:\/\/api.w.org\/{rel}","templated":true}]}}