{"id":7471,"date":"2021-01-26T10:01:01","date_gmt":"2021-01-26T10:01:01","guid":{"rendered":"https:\/\/www.nataliallunar.com\/?page_id=7471"},"modified":"2021-01-26T10:01:03","modified_gmt":"2021-01-26T10:01:03","slug":"aviso-legal","status":"publish","type":"page","link":"https:\/\/www.nataliallunar.com\/?page_id=7471","title":{"rendered":"Aviso Legal"},"content":{"rendered":"\n<p>AVISO LEGAL<br \/>El uso y acceso a los contenidos que alberga el presente Portal web implica el conocimiento y aceptaci\u00f3n, sin reserva alguna, de todas las cl\u00e1usulas incluidas bajo el presente texto de Aviso Legal que tienen como objetivo informar a los usuarios de las condiciones para efectuar correctamente citado acceso y utilizaci\u00f3n.<br \/>La web www.nataliallunar.com alberga contenidos y productos sujetos a derechos de propiedad intelectual e industrial. La utilizaci\u00f3n abusiva de aquellos, fuera de los l\u00edmites autorizados, ser\u00e1 perseguida por los cauces legales pertinentes, por ello aconsejamos el uso bajo los par\u00e1metros de responsabilidad y buena fe.<br \/>Titularidad<br \/>De conformidad con el art\u00edculo 10 de la Ley 34\/2002, de 11 de julio, de Servicios de la Sociedad de la Informaci\u00f3n y Comercio Electr\u00f3nico, les informamos que la P\u00e1gina Web accesible desde el dominio www.nataliallunar.com es titularidad del Natalia llunar SLU(en adelante Natalia Llunar), con CIF n\u00ba 10903435D, y sita La Rodada 2 Perlora Carre\u00f1o en el Principado de Asturias. Natalia LLunar es titular o dispone de la correspondiente licencia de uso sobre los diferentes contenidos, textos, fotograf\u00edas, dibujos, dise\u00f1os, software, c\u00f3digo fuente e informaciones incorporadas al efecto, expuestos a lo largo del Portal Web.<br \/>Objeto<br \/>Regular el acceso, navegaci\u00f3n y uso de la P\u00e1gina Web www.Nataliallunar.com. Del mismo modo, se regulan las responsabilidades derivadas de la utilizaci\u00f3n de sus contenidos, textos, gr\u00e1ficos, dibujos, dise\u00f1os, fotograf\u00edas, software, c\u00f3digos, bases de datos, im\u00e1genes, informaciones, as\u00ed como cualquier otra creaci\u00f3n protegida por las leyes nacionales y tratados internacionales sobre propiedad intelectual e industrial, que el titular pone a disposici\u00f3n de los usuarios a trav\u00e9s de su P\u00e1gina Web.<br \/>Las condiciones que rigen los diferentes servicios disponibles en www.nataliallunar.com est\u00e1n sujetas a la siguiente normativa, en la parte que resulte de aplicaci\u00f3n: Ley 34\/2002, de 11 de julio, de Servicios de la Sociedad de la Informaci\u00f3n y Comercio Electr\u00f3nico; Reglamento (UE) 2016\/679 del Parlamento Europeo y del Consejo de 27 de abril de 2016 relativo a la protecci\u00f3n de las personas f\u00edsicas; Ley Org\u00e1nica 3\/2018, de 5 de diciembre, de Protecci\u00f3n de Datos Personales y garant\u00eda de los derechos digitales; Real Decreto Ley 1\/2007, de 16 de Noviembre, que aprueba el Texto Refundido de la Ley General para la Defensa de Consumidores y Usuarios y otras Leyes complementarias; Ley 44\/2006 de Mejora de la Protecci\u00f3n de los consumidores y usuarios, y otras normativas al efecto que pudieran resultar de apliHMi\u00f3n.<br \/>Contacto<br \/>Natalia LLunar pone a su disposici\u00f3n un correo electr\u00f3nico, a fin de que el usuario pueda remitir sus consultas si lo desea: info@nataliallunar.com, pudiendo remitirlas igualmente mediante correo ordinario dirigido a la direcci\u00f3n anteriormente indicada, rese\u00f1ando en el destinatario al \u201cResponsable RGPD\u201d.<br \/>Utilizaci\u00f3n de la P\u00e1gina Web y Servicios<br \/>La navegaci\u00f3n y el uso del Portal web as\u00ed como la mayor\u00eda de los servicios contenidos en el mismo, son completamente gratuitos; cumpliendo de forma expresa y sin ning\u00fan tipo de reservas el presente Aviso Legal.<\/p>\n\n\n\n<p>As\u00ed mismo, el usuario se obliga a usar correctamente el Portal web de conformidad con el contenido del presente Aviso Legal, principios de buena fe y legislaci\u00f3n vigente, prohibi\u00e9ndose de forma expresa cualquier uso il\u00edcito, contrario al orden p\u00fablico y\/o lesivo de los derechos e intereses de las personas, reserv\u00e1ndose Natalia LLunar en estos casos, su derecho a emprender las acciones judiciales que considere oportunas, conforme establece la normativa aplicable.<br \/>Derechos de Propiedad Intelectual e Industrial<br \/>Natalia LLunar es titular o tiene la correspondiente licencia de uso sobre los derechos de explotaci\u00f3n de propiedad intelectual e industrial del Portal web www.nataliallunar.com, as\u00ed como de los contenidos disponibles a trav\u00e9s del mismo, entre otros: los textos, gr\u00e1ficos, dise\u00f1os, logotipos, nombres comerciales, fotograf\u00edas, im\u00e1genes, contenidos audiovisuales o sonoros, software, bases de datos, etc.<br \/>El hecho de permitir a los usuarios el acceso a www.nataliallunar.com no implicar\u00e1, en ning\u00fan caso, la renuncia, transmisi\u00f3n, licencia o cesi\u00f3n, total ni parcial, de dichos derechos, por parte de Natalia LLunar .<br \/>Con car\u00e1cter meramente enunciativo, que no limitativo, se proh\u00edbe a los usuarios del Portal web www.nataliallunar.com llevar a cabo cualesquiera de las siguientes actuaciones:<br \/>\u2022 Suprimir, eludir o manipular cualesquiera datos de identificaci\u00f3n de los derechos del titular del Portal web o de sus titulares, incorporados a los contenidos, as\u00ed como los dispositivos t\u00e9cnicos de protecci\u00f3n, o cualesquiera mecanismos de informaci\u00f3n y\/o identificaci\u00f3n que se incorporen.<br \/>\u2022 Modificar, copiar, reutilizar, explotar, reproducir, comunicar p\u00fablicamente, hacer segundas o posteriores publicaciones, cargar archivos, enviar por correo, transmitir, usar, tratar o distribuir de cualquier forma la totalidad o parte de los contenidos incluidos bajo el presente Portal web para prop\u00f3sitos p\u00fablicos o comerciales, sin autorizaci\u00f3n expresa y por escrito de Natalia LLunar o, en su caso, del titular de los derechos que corresponda.<br \/>\u2022 Reproducir, copiar, extraer o reutilizar para uso privado o para comunicaci\u00f3n p\u00fablica, aquellos contenidos considerados como Software o Base de Datos, a tenor de lo expuesto por el Texto Refundido de la Ley de Propiedad Intelectual.<br \/>El dominio www.nataliallunar.com, es titularidad de Natalia LLunar y no podr\u00e1 ser utilizado, en conexi\u00f3n con otros contenidos, productos o servicios que no sean titularidad de Natalia LLunar , cuando puedan causar confusi\u00f3n entre los usuarios finales o el descr\u00e9dito de aquella.<br \/>Responsabilidades<br \/>El titular del sitio Web no se hace responsable, a t\u00edtulo enunciativo, de las siguientes actuaciones:<br \/>\u2022 Mal uso del Portal web, por parte de los usuarios.<br \/>\u2022 La continuidad de los contenidos del Portal web.<br \/>\u2022 Los da\u00f1os o perjuicios que causare cualquier persona, bien a si misma o a terceras, en infracci\u00f3n de las condiciones, normas e instrucciones que el titular establece en el Portal web o en el presente Aviso Legal.<br \/>\u2022 La presencia de virus y\/o dem\u00e1s componentes da\u00f1inos en el Portal web o en el servidor que los suministra, tanto en lo relativo a la visualizaci\u00f3n de los contenidos por los usuarios como en la descarga de los mismos.<br \/>\u2022 Los contenidos y servicios prestados por otras P\u00e1ginas Web a las que pueda tener acceso desde la presente direcci\u00f3n de Internet.<br \/>\u2022 El mal funcionamiento de software o plugins (descarga que pudiere realizarse desde el enlace establecido al efecto, en su caso), necesarios para la visualizaci\u00f3n de determinados contenidos albergados en el presente Portal web.<br \/>\u2022 La invulnerabilidad del Portal web, ni del software utilizado, distribuido u obtenido del mismo.<br \/>\u2022 El mayor o menor rendimiento de los contenidos albergados el Portal web.<br \/>\u2022 Los da\u00f1os ocasionados por la vulneraci\u00f3n de los sistemas de seguridad albergados y\/o insertados a trav\u00e9s del Portal web.<br \/>Duraci\u00f3n y Modificaci\u00f3n<br \/>El presente Aviso Legal tiene la vigencia que dura su exposici\u00f3n. Por ello, se aconseja a los usuarios que lean con detenimiento su contenido cada vez que accedan al Portal web, \u00fanico modo para conocer el texto actualizado, puesto que Natalia LLunar no est\u00e1 obligado a notificar sus cambios de forma personal a los usuarios.<br \/>Asimismo, Natalia LLunar se reserva el derecho a modificar unilateralmente el presente Aviso, en cualquier momento, en su totalidad o parcialmente, surtiendo efectos dicha modificaci\u00f3n desde su publicaci\u00f3n en el Portal web, concretamente, desde su inserci\u00f3n en el enlace \u201cAviso Legal\u201d.<br \/>Suspensi\u00f3n<br \/>Natalia LLunar podr\u00e1 optar, unilateralmente, por interrumpir, suspender o dar por finalizado el acceso a los contenidos del Portal web, con independencia de lo dispuesto en el Aviso Legal. Dichas situaciones no alterar\u00e1n la vigencia de las prohibiciones de uso de los contenidos expuestos a lo largo del presente.<br \/>Natalia LLunar tomar\u00e1 las medidas pertinentes, en la medida que le fuere posible, para avisar a los usuarios de dichas circunstancias, suspensi\u00f3n, interrupci\u00f3n o t\u00e9rmino de acceso a los contenidos.<br \/>Nulidad e Ineficacia<br \/>En caso de que cualquier extremo de las presentes condiciones sea considerado nulo o inaplicable, parcial o totalmente, por cualquier Juzgado, Tribunal u \u00f3rgano administrativo competente, dicha nulidad o inaplicaci\u00f3n no afectar\u00e1 al resto de las condiciones contenidas en el Portal web.<br \/>El no ejercicio o ejecuci\u00f3n, por parte de Natalia LLunar de cualquier derecho o disposici\u00f3n contenido en estas condiciones no constituir\u00e1 renuncia al mismo, salvo reconocimiento y acuerdo escrito por su parte.<br \/>Ley Aplicable y Jurisdicci\u00f3n<br \/>Todas las cl\u00e1usulas insertas en el presente texto de Aviso Legal se rigen por la normativa espa\u00f1ola. Todo conflicto, controversia o situaci\u00f3n derivada de las presentes condiciones se someter\u00e1 a los Juzgados y Tribunales de Gij\u00f3n, o donde el titular de la presente P\u00e1gina Web tuviera establecimiento abierto al p\u00fablico, renunciando expresamente las partes a cualquier otro fuero que pudiere corresponderles.<br \/>Respecto a la resoluci\u00f3n de litigios en l\u00ednea conforme al art\u00edculo 14.1 del Reglamento (UE) 524\/2013: la Comisi\u00f3n Europea facilita una plataforma de resoluci\u00f3n de litigios en l\u00ednea, la cual se encuentra disponible en el siguiente enlace:&nbsp;https:\/\/ec.europa.eu\/consumers\/odr\/.<\/p>\n","protected":false},"excerpt":{"rendered":"<p>AVISO LEGALEl uso y acceso a los contenidos que alberga el presente Portal web implica el conocimiento y aceptaci\u00f3n, sin reserva alguna, de todas las cl\u00e1usulas incluidas bajo el presente texto de Aviso Legal que tienen como objetivo informar a los usuarios de las condiciones para efectuar correctamente citado acceso [&hellip;]<\/p>\n","protected":false},"author":1,"featured_media":0,"parent":0,"menu_order":0,"comment_status":"closed","ping_status":"closed","template":"","meta":{"_monsterinsights_skip_tracking":false,"_monsterinsights_sitenote_active":false,"_monsterinsights_sitenote_note":"","_monsterinsights_sitenote_category":0,"_themeisle_gutenberg_block_has_review":false,"_ti_tpc_template_sync":false,"_ti_tpc_template_id":"","footnotes":""},"class_list":["post-7471","page","type-page","status-publish","hentry"],"yoast_head":"<!-- This site is optimized with the Yoast SEO plugin v22.8 - https:\/\/yoast.com\/wordpress\/plugins\/seo\/ -->\n<title>Aviso Legal - Natalia LLuNar<\/title>\n<meta name=\"robots\" content=\"index, follow, max-snippet:-1, max-image-preview:large, max-video-preview:-1\" \/>\n<link rel=\"canonical\" href=\"https:\/\/www.nataliallunar.com\/?page_id=7471\" \/>\n<meta property=\"og:locale\" content=\"es_ES\" \/>\n<meta property=\"og:type\" content=\"article\" \/>\n<meta property=\"og:title\" content=\"Aviso Legal - Natalia LLuNar\" \/>\n<meta property=\"og:description\" content=\"AVISO LEGALEl uso y acceso a los contenidos que alberga el presente Portal web implica el conocimiento y aceptaci\u00f3n, sin reserva alguna, de todas las cl\u00e1usulas incluidas bajo el presente texto de Aviso Legal que tienen como objetivo informar a los usuarios de las condiciones para efectuar correctamente citado acceso [&hellip;]\" \/>\n<meta property=\"og:url\" content=\"https:\/\/www.nataliallunar.com\/?page_id=7471\" \/>\n<meta property=\"og:site_name\" content=\"Natalia LLuNar\" \/>\n<meta property=\"article:modified_time\" content=\"2021-01-26T10:01:03+00:00\" \/>\n<meta name=\"twitter:card\" content=\"summary_large_image\" \/>\n<meta name=\"twitter:label1\" content=\"Tiempo de lectura\" \/>\n\t<meta name=\"twitter:data1\" content=\"7 minutos\" \/>\n<script type=\"application\/ld+json\" class=\"yoast-schema-graph\">{\"@context\":\"https:\/\/schema.org\",\"@graph\":[{\"@type\":\"WebPage\",\"@id\":\"https:\/\/www.nataliallunar.com\/?page_id=7471\",\"url\":\"https:\/\/www.nataliallunar.com\/?page_id=7471\",\"name\":\"Aviso Legal - Natalia LLuNar\",\"isPartOf\":{\"@id\":\"https:\/\/www.nataliallunar.com\/#website\"},\"datePublished\":\"2021-01-26T10:01:01+00:00\",\"dateModified\":\"2021-01-26T10:01:03+00:00\",\"breadcrumb\":{\"@id\":\"https:\/\/www.nataliallunar.com\/?page_id=7471#breadcrumb\"},\"inLanguage\":\"es\",\"potentialAction\":[{\"@type\":\"ReadAction\",\"target\":[\"https:\/\/www.nataliallunar.com\/?page_id=7471\"]}]},{\"@type\":\"BreadcrumbList\",\"@id\":\"https:\/\/www.nataliallunar.com\/?page_id=7471#breadcrumb\",\"itemListElement\":[{\"@type\":\"ListItem\",\"position\":1,\"name\":\"Portada\",\"item\":\"https:\/\/www.nataliallunar.com\/\"},{\"@type\":\"ListItem\",\"position\":2,\"name\":\"Aviso Legal\"}]},{\"@type\":\"WebSite\",\"@id\":\"https:\/\/www.nataliallunar.com\/#website\",\"url\":\"https:\/\/www.nataliallunar.com\/\",\"name\":\"Natalia LLuNar\",\"description\":\"Dise&ntilde;o textil sostenible, reversible y modular\",\"publisher\":{\"@id\":\"https:\/\/www.nataliallunar.com\/#organization\"},\"potentialAction\":[{\"@type\":\"SearchAction\",\"target\":{\"@type\":\"EntryPoint\",\"urlTemplate\":\"https:\/\/www.nataliallunar.com\/?s={search_term_string}\"},\"query-input\":\"required name=search_term_string\"}],\"inLanguage\":\"es\"},{\"@type\":\"Organization\",\"@id\":\"https:\/\/www.nataliallunar.com\/#organization\",\"name\":\"Natalia LLuNar\",\"url\":\"https:\/\/www.nataliallunar.com\/\",\"logo\":{\"@type\":\"ImageObject\",\"inLanguage\":\"es\",\"@id\":\"https:\/\/www.nataliallunar.com\/#\/schema\/logo\/image\/\",\"url\":\"https:\/\/www.nataliallunar.com\/wp-content\/uploads\/2022\/07\/logo-web-rojo-verde-1.png\",\"contentUrl\":\"https:\/\/www.nataliallunar.com\/wp-content\/uploads\/2022\/07\/logo-web-rojo-verde-1.png\",\"width\":145,\"height\":48,\"caption\":\"Natalia LLuNar\"},\"image\":{\"@id\":\"https:\/\/www.nataliallunar.com\/#\/schema\/logo\/image\/\"}}]}<\/script>\n<!-- \/ Yoast SEO plugin. -->","yoast_head_json":{"title":"Aviso Legal - Natalia LLuNar","robots":{"index":"index","follow":"follow","max-snippet":"max-snippet:-1","max-image-preview":"max-image-preview:large","max-video-preview":"max-video-preview:-1"},"canonical":"https:\/\/www.nataliallunar.com\/?page_id=7471","og_locale":"es_ES","og_type":"article","og_title":"Aviso Legal - Natalia LLuNar","og_description":"AVISO LEGALEl uso y acceso a los contenidos que alberga el presente Portal web implica el conocimiento y aceptaci\u00f3n, sin reserva alguna, de todas las cl\u00e1usulas incluidas bajo el presente texto de Aviso Legal que tienen como objetivo informar a los usuarios de las condiciones para efectuar correctamente citado acceso [&hellip;]","og_url":"https:\/\/www.nataliallunar.com\/?page_id=7471","og_site_name":"Natalia LLuNar","article_modified_time":"2021-01-26T10:01:03+00:00","twitter_card":"summary_large_image","twitter_misc":{"Tiempo de lectura":"7 minutos"},"schema":{"@context":"https:\/\/schema.org","@graph":[{"@type":"WebPage","@id":"https:\/\/www.nataliallunar.com\/?page_id=7471","url":"https:\/\/www.nataliallunar.com\/?page_id=7471","name":"Aviso Legal - Natalia LLuNar","isPartOf":{"@id":"https:\/\/www.nataliallunar.com\/#website"},"datePublished":"2021-01-26T10:01:01+00:00","dateModified":"2021-01-26T10:01:03+00:00","breadcrumb":{"@id":"https:\/\/www.nataliallunar.com\/?page_id=7471#breadcrumb"},"inLanguage":"es","potentialAction":[{"@type":"ReadAction","target":["https:\/\/www.nataliallunar.com\/?page_id=7471"]}]},{"@type":"BreadcrumbList","@id":"https:\/\/www.nataliallunar.com\/?page_id=7471#breadcrumb","itemListElement":[{"@type":"ListItem","position":1,"name":"Portada","item":"https:\/\/www.nataliallunar.com\/"},{"@type":"ListItem","position":2,"name":"Aviso Legal"}]},{"@type":"WebSite","@id":"https:\/\/www.nataliallunar.com\/#website","url":"https:\/\/www.nataliallunar.com\/","name":"Natalia LLuNar","description":"Dise&ntilde;o textil sostenible, reversible y modular","publisher":{"@id":"https:\/\/www.nataliallunar.com\/#organization"},"potentialAction":[{"@type":"SearchAction","target":{"@type":"EntryPoint","urlTemplate":"https:\/\/www.nataliallunar.com\/?s={search_term_string}"},"query-input":"required name=search_term_string"}],"inLanguage":"es"},{"@type":"Organization","@id":"https:\/\/www.nataliallunar.com\/#organization","name":"Natalia LLuNar","url":"https:\/\/www.nataliallunar.com\/","logo":{"@type":"ImageObject","inLanguage":"es","@id":"https:\/\/www.nataliallunar.com\/#\/schema\/logo\/image\/","url":"https:\/\/www.nataliallunar.com\/wp-content\/uploads\/2022\/07\/logo-web-rojo-verde-1.png","contentUrl":"https:\/\/www.nataliallunar.com\/wp-content\/uploads\/2022\/07\/logo-web-rojo-verde-1.png","width":145,"height":48,"caption":"Natalia LLuNar"},"image":{"@id":"https:\/\/www.nataliallunar.com\/#\/schema\/logo\/image\/"}}]}},"_links":{"self":[{"href":"https:\/\/www.nataliallunar.com\/index.php?rest_route=\/wp\/v2\/pages\/7471","targetHints":{"allow":["GET"]}}],"collection":[{"href":"https:\/\/www.nataliallunar.com\/index.php?rest_route=\/wp\/v2\/pages"}],"about":[{"href":"https:\/\/www.nataliallunar.com\/index.php?rest_route=\/wp\/v2\/types\/page"}],"author":[{"embeddable":true,"href":"https:\/\/www.nataliallunar.com\/index.php?rest_route=\/wp\/v2\/users\/1"}],"replies":[{"embeddable":true,"href":"https:\/\/www.nataliallunar.com\/index.php?rest_route=%2Fwp%2Fv2%2Fcomments&post=7471"}],"version-history":[{"count":2,"href":"https:\/\/www.nataliallunar.com\/index.php?rest_route=\/wp\/v2\/pages\/7471\/revisions"}],"predecessor-version":[{"id":7625,"href":"https:\/\/www.nataliallunar.com\/index.php?rest_route=\/wp\/v2\/pages\/7471\/revisions\/7625"}],"wp:attachment":[{"href":"https:\/\/www.nataliallunar.com\/index.php?rest_route=%2Fwp%2Fv2%2Fmedia&parent=7471"}],"curies":[{"name":"wp","href":"https:\/\/api.w.org\/{rel}","templated":true}]}}